{"id":3002,"date":"2022-05-31T14:42:39","date_gmt":"2022-05-31T14:42:39","guid":{"rendered":"https:\/\/adiosamoresperros.org\/?post_type=product&#038;p=3002"},"modified":"2022-06-15T11:51:36","modified_gmt":"2022-06-15T09:51:36","slug":"retiro-en-la-naturaleza","status":"publish","type":"product","link":"https:\/\/adiosamoresperros.org\/ca\/producte\/retiro-en-la-naturaleza\/","title":{"rendered":"Retiro en la Naturaleza"},"content":{"rendered":"<p>8, 9 y 10 de julio de 2022:<br \/>\n<strong>\u00a1Reg\u00e1late un fin de semana de paz, cuidados y empoderamiento!<\/strong><\/p>","protected":false},"excerpt":{"rendered":"<p>Un fin de semana enterito para ti, para tu disfrute y tu cuidado, para reflexionar sobre tu relaci\u00f3n contigo misma y con tus v\u00ednculos significativos. Un fin de semana que ser\u00e1 un oasis de tranquilidad, belleza y aprendizaje.<\/p>","protected":false},"featured_media":3030,"template":"","meta":{"_coblocks_attr":"","_coblocks_dimensions":"","_coblocks_responsive_height":"","_coblocks_accordion_ie_support":"","_uag_custom_page_level_css":""},"product_cat":[37],"product_tag":[],"uagb_featured_image_src":{"full":["https:\/\/adiosamoresperros.org\/wp-content\/uploads\/2022\/06\/retiro.png",800,800,false],"thumbnail":["https:\/\/adiosamoresperros.org\/wp-content\/uploads\/2022\/06\/retiro-150x150.png",150,150,true],"medium":["https:\/\/adiosamoresperros.org\/wp-content\/uploads\/2022\/06\/retiro-300x300.png",300,300,true],"medium_large":["https:\/\/adiosamoresperros.org\/wp-content\/uploads\/2022\/06\/retiro-768x768.png",640,640,true],"large":["https:\/\/adiosamoresperros.org\/wp-content\/uploads\/2022\/06\/retiro.png",640,640,false],"1536x1536":["https:\/\/adiosamoresperros.org\/wp-content\/uploads\/2022\/06\/retiro.png",800,800,false],"2048x2048":["https:\/\/adiosamoresperros.org\/wp-content\/uploads\/2022\/06\/retiro.png",800,800,false],"trp-custom-language-flag":["https:\/\/adiosamoresperros.org\/wp-content\/uploads\/2022\/06\/retiro.png",12,12,false],"ab-block-post-grid-landscape":["https:\/\/adiosamoresperros.org\/wp-content\/uploads\/2022\/06\/retiro-600x400.png",600,400,true],"ab-block-post-grid-square":["https:\/\/adiosamoresperros.org\/wp-content\/uploads\/2022\/06\/retiro-600x600.png",600,600,true],"sensible-wp-home-blog":["https:\/\/adiosamoresperros.org\/wp-content\/uploads\/2022\/06\/retiro-400x250.png",400,250,true],"woocommerce_thumbnail":["https:\/\/adiosamoresperros.org\/wp-content\/uploads\/2022\/06\/retiro-300x300.png",300,300,true],"woocommerce_single":["https:\/\/adiosamoresperros.org\/wp-content\/uploads\/2022\/06\/retiro-600x600.png",600,600,true],"woocommerce_gallery_thumbnail":["https:\/\/adiosamoresperros.org\/wp-content\/uploads\/2022\/06\/retiro-100x100.png",100,100,true]},"uagb_author_info":{"display_name":"adiosamoresperro","author_link":"https:\/\/adiosamoresperros.org\/ca\/author\/"},"uagb_comment_info":1,"uagb_excerpt":"Un fin de semana enterito para ti, para tu disfrute y tu cuidado, para reflexionar sobre tu relaci\u00f3n contigo misma y con tus v\u00ednculos significativos. Un fin de semana que ser\u00e1 un oasis de tranquilidad, belleza y aprendizaje.","_links":{"self":[{"href":"https:\/\/adiosamoresperros.org\/ca\/wp-json\/wp\/v2\/product\/3002"}],"collection":[{"href":"https:\/\/adiosamoresperros.org\/ca\/wp-json\/wp\/v2\/product"}],"about":[{"href":"https:\/\/adiosamoresperros.org\/ca\/wp-json\/wp\/v2\/types\/product"}],"wp:featuredmedia":[{"embeddable":true,"href":"https:\/\/adiosamoresperros.org\/ca\/wp-json\/wp\/v2\/media\/3030"}],"wp:attachment":[{"href":"https:\/\/adiosamoresperros.org\/ca\/wp-json\/wp\/v2\/media?parent=3002"}],"wp:term":[{"taxonomy":"product_cat","embeddable":true,"href":"https:\/\/adiosamoresperros.org\/ca\/wp-json\/wp\/v2\/product_cat?post=3002"},{"taxonomy":"product_tag","embeddable":true,"href":"https:\/\/adiosamoresperros.org\/ca\/wp-json\/wp\/v2\/product_tag?post=3002"}],"curies":[{"name":"wp","href":"https:\/\/api.w.org\/{rel}","templated":true}]}}