{"id":976,"date":"2019-09-21T08:18:25","date_gmt":"2019-09-21T08:18:25","guid":{"rendered":"https:\/\/adiosamoresperros.org\/?page_id=976"},"modified":"2020-11-27T09:45:26","modified_gmt":"2020-11-27T09:45:26","slug":"sobre-la-escuela-2","status":"publish","type":"page","link":"https:\/\/adiosamoresperros.org\/ca\/sobre-la-escuela-2\/","title":{"rendered":"Sobre la escuela"},"content":{"rendered":"<p><\/p>\n\n\n\n<div style=\"height:50px\" aria-hidden=\"true\" class=\"wp-block-spacer\"><\/div>\n\n\n\n<h2 class=\"has-text-align-center wp-block-heading\">Coaching feminista per millorar les relacions amoroses<\/h2>\n\n\n\n<div style=\"height:50px\" aria-hidden=\"true\" class=\"wp-block-spacer\"><\/div>\n\n\n\n<div class=\"wp-block-uagb-info-box uagb-infobox__outer-wrap uagb-block-1c1f1a79\"><div class=\"uagb-infobox__content-wrap uagb-infobox uagb-infobox-has-icon uagb-infobox-icon-above-title uagb-infobox-image-valign-top uagb-infobox-enable-border-radius\"><div class=\"uagb-ifb-left-right-wrap\"><div class=\"uagb-ifb-content\"><div class=\"uagb-ifb-image-icon-content uagb-ifb-imgicon-wrap\"><div class=\"uagb-ifb-icon-wrap\"><span class=\"uagb-ifb-icon\"><svg xmlns=\"http:\/\/www.w3.org\/2000\/svg\" viewbox=\"0 0 512 512\"><path d=\"M320.2 243.8l-49.7 99.4c-6 12.1-23.4 11.7-28.9-.6l-56.9-126.3-30 71.7H60.6l182.5 186.5c7.1 7.3 18.6 7.3 25.7 0L451.4 288H342.3l-22.1-44.2zM473.7 73.9l-2.4-2.5c-51.5-52.6-135.8-52.6-187.4 0L256 100l-27.9-28.5c-51.5-52.7-135.9-52.7-187.4 0l-2.4 2.4C-10.4 123.7-12.5 203 31 256h102.4l35.9-86.2c5.4-12.9 23.6-13.2 29.4-.4l58.2 129.3 49-97.9c5.9-11.8 22.7-11.8 28.6 0l27.6 55.2H481c43.5-53 41.4-132.3-7.3-182.1z\"><\/path><\/svg><\/span><\/div><\/div><div class=\"uagb-ifb-title-wrap\"><h3 class=\"uagb-ifb-title\">Respira, d\u00e9jate sentir<br>Y preg\u00fantate un momento\u2026<\/h3><\/div><div class=\"uagb-ifb-separator-parent\"><div class=\"uagb-ifb-separator\"><\/div><\/div><div class=\"uagb-ifb-text-wrap\"><\/div><\/div><\/div><\/div><\/div>\n\n\n\n<div style=\"height:30px\" aria-hidden=\"true\" class=\"wp-block-spacer\"><\/div>\n\n\n\n<p class=\"has-text-align-center has-normal-font-size\">\u00bfEst\u00e1s&nbsp;<strong>cansadx de sufrir<\/strong>&nbsp;en tus relaciones amorosas?<br><br>\u00bfA menudo&nbsp;<strong>sientes malestar<\/strong>&nbsp;tanto en una relaci\u00f3n como sin ella?<br><br>\u00bfTe juegan malas pasadas los&nbsp;<strong>celos<\/strong>?<br><br>\u00bfEl&nbsp;<strong>modelo cl\u00e1sico<\/strong>&nbsp;(chico-chica, hipoteca y monogamia sin fin) te provoca&nbsp;<strong>sudores<\/strong>?<br><br>\u00bfSientes&nbsp;<strong>dependencia<\/strong>&nbsp;cuando est\u00e1s con alguien y no sabes c\u00f3mo soltarla?<br><br>\u00bfTus&nbsp;<strong>rollos-parejas-<\/strong><em><strong>tinders<\/strong><\/em>&nbsp;te ocupan mucho sitio en tu cabeza y te quitan energ\u00eda?<br><br>\u00bfIdentificas&nbsp;<strong>patrones que se repiten<\/strong>&nbsp;en tus relaciones pero no sabes c\u00f3mo cambiarlos?<br><br>\u00bfUna&nbsp;<strong>mala comunicaci\u00f3n<\/strong>&nbsp;te persigue y te limita?<br><br>\u00bfTu&nbsp;<strong>autoestima<\/strong>&nbsp;depende de lo que te devuelven tus parejas?<\/p>\n\n\n\n<p><\/p>\n\n\n\n<div style=\"height:100px\" aria-hidden=\"true\" class=\"wp-block-spacer\"><\/div>\n\n\n\n<p class=\"has-text-align-center has-medium-font-size\">Por nuestra parte, hemos creado esta Escuela. <strong>Su nombre, \u201cAdi\u00f3s, Amores Perros\u201d, ya es una declaraci\u00f3n de intenciones. <\/strong>Es un entorno seguro, \u00edntimo y cuidado, un espacio precioso para ti, desde el que te acompa\u00f1aremos en este viaje tan importante\u2026 <strong>\u00bfacaso hay algo m\u00e1s importante que aprender a querernos bien?<\/strong><br><br><\/p>\n\n\n\n<figure class=\"wp-block-image\"><img decoding=\"async\" loading=\"lazy\" width=\"1700\" height=\"824\" src=\"https:\/\/adiosamoresperros.org\/wp-content\/uploads\/2019\/05\/equipo_escuela-adios-amores-perros3.jpg\" alt=\"\" class=\"wp-image-844\" srcset=\"https:\/\/adiosamoresperros.org\/wp-content\/uploads\/2019\/05\/equipo_escuela-adios-amores-perros3.jpg 1700w, https:\/\/adiosamoresperros.org\/wp-content\/uploads\/2019\/05\/equipo_escuela-adios-amores-perros3-600x291.jpg 600w, https:\/\/adiosamoresperros.org\/wp-content\/uploads\/2019\/05\/equipo_escuela-adios-amores-perros3-300x145.jpg 300w, https:\/\/adiosamoresperros.org\/wp-content\/uploads\/2019\/05\/equipo_escuela-adios-amores-perros3-768x372.jpg 768w, https:\/\/adiosamoresperros.org\/wp-content\/uploads\/2019\/05\/equipo_escuela-adios-amores-perros3-1024x496.jpg 1024w\" sizes=\"(max-width: 1700px) 100vw, 1700px\" \/><\/figure>\n\n\n\n<div style=\"height:100px\" aria-hidden=\"true\" class=\"wp-block-spacer\"><\/div>\n\n\n\n<h3 class=\"has-text-align-center morado wp-block-heading\">Tienes entre tus manos una\u00a0Escuela de coaching feminista para mejorar las relaciones amorosas de manera personal\u00a0y tambi\u00e9n colectiva, con mirada cr\u00edtica y amorosa. Cocinada a fuego lento con mucha dedicaci\u00f3n y tiempo.<br><\/h3>\n\n\n\n<div style=\"height:30px\" aria-hidden=\"true\" class=\"wp-block-spacer\"><\/div>\n\n\n\n<div style=\"height:30px\" aria-hidden=\"true\" class=\"wp-block-spacer\"><\/div>\n\n\n\n<p><\/p>\n\n\n\n<p><\/p>\n\n\n\n<p><\/p>\n\n\n\n<p><\/p>\n\n\n\n<section class=\"wp-block-uagb-columns uagb-columns__wrap uagb-columns__background-undefined uagb-columns__stack-mobile uagb-columns__valign-undefined uagb-columns__gap-10 alignundefined uagb-block-9ac1fbc7\"><div class=\"uagb-columns__overlay\"><\/div><div class=\"uagb-columns__inner-wrap uagb-columns__columns-2\">\n<div class=\"wp-block-uagb-column uagb-column__wrap uagb-column__background-color uagb-block-f529e2c2\"><div class=\"uagb-column__overlay\"><\/div><div class=\"uagb-column__inner-wrap\">\n<div style=\"height:30px\" aria-hidden=\"true\" class=\"wp-block-spacer\"><\/div>\n\n\n\n<figure class=\"wp-block-image\"><img decoding=\"async\" loading=\"lazy\" width=\"569\" height=\"569\" src=\"https:\/\/adiosamoresperros.org\/wp-content\/uploads\/2019\/09\/escuela-adios-amores-perros.jpg\" alt=\"Escuela Adi\u00f3s Amores Perros\" class=\"wp-image-998\" srcset=\"https:\/\/adiosamoresperros.org\/wp-content\/uploads\/2019\/09\/escuela-adios-amores-perros.jpg 569w, https:\/\/adiosamoresperros.org\/wp-content\/uploads\/2019\/09\/escuela-adios-amores-perros-300x300.jpg 300w, https:\/\/adiosamoresperros.org\/wp-content\/uploads\/2019\/09\/escuela-adios-amores-perros-100x100.jpg 100w, https:\/\/adiosamoresperros.org\/wp-content\/uploads\/2019\/09\/escuela-adios-amores-perros-150x150.jpg 150w\" sizes=\"(max-width: 569px) 100vw, 569px\" \/><\/figure>\n\n\n\n<div style=\"height:30px\" aria-hidden=\"true\" class=\"wp-block-spacer\"><\/div>\n<\/div><\/div>\n\n\n\n<div class=\"wp-block-uagb-column uagb-column__wrap uagb-column__background-color uagb-block-3b927fd7\"><div class=\"uagb-column__overlay\"><\/div><div class=\"uagb-column__inner-wrap\">\n<div style=\"height:30px\" aria-hidden=\"true\" class=\"wp-block-spacer\"><\/div>\n\n\n\n<h4 class=\"has-text-align-left morado wp-block-heading\" id=\"mce_6\"><strong>Esta Escuela es para ti si crees que\u2026<\/strong><\/h4>\n\n\n\n<div style=\"height:30px\" aria-hidden=\"true\" class=\"wp-block-spacer\"><\/div>\n\n\n\n<p class=\"has-normal-font-size\">Ha llegado el momento de disfrutar m\u00e1s del amor y de la vida.<br><br><strong>Si deseas\u2026<\/strong><br>Adquirir herramientas y la mentalidad adecuada para vivir relaciones amorosas m\u00e1s disfrutonas, sanas e igualitarias.<br><br><strong>Si tienes de ganas de\u2026<\/strong><br>Aprender recursos pr\u00e1cticos de autoestima, comunicaci\u00f3n y empoderamiento en un espacio seguro y feminista.<br><br> <\/p>\n\n\n\n<p class=\"has-normal-font-size\"><strong>En el caso de que todo esto te resuene, no lo dudes.<br>La Escuela \u201cAdi\u00f3s, Amores Perros\u201d es tu lugar.<\/strong><\/p>\n\n\n\n<p><\/p>\n\n\n\n<p><\/p>\n<\/div><\/div>\n<\/div><\/section>\n\n\n\n<p class=\"has-text-align-center has-medium-font-size\">En esta Escuela recogemos la experiencia de m\u00e1s de 8 a\u00f1os trabajando a trav\u00e9s de sesiones individuales, grupos y talleres en mejorar nuestras relaciones amorosas, despatriarcalizarlas y disfrutar m\u00e1s del amor y de la vida. Al dise\u00f1ar todos nuestros cursos ponemos especialmente la energ\u00eda en que <strong>tengan valor para ti <\/strong>y realmente te sirvan para <strong>cambiar<\/strong>.<br><\/p>\n\n\n\n<div style=\"height:50px\" aria-hidden=\"true\" class=\"wp-block-spacer\"><\/div>\n\n\n\n<div class=\"wp-block-button aligncenter\"><a class=\"wp-block-button__link has-very-light-gray-color has-text-color has-background\" href=\"https:\/\/adiosamoresperros.org\/ca\/proximas-ediciones\/\" style=\"border-radius:5px;background-color:#864e86\"><strong>\u00a1Quiero ver las pr\u00f3ximas ediciones de la escuela!<\/strong><\/a><\/div>\n\n\n\n<div style=\"height:50px\" aria-hidden=\"true\" class=\"wp-block-spacer\"><\/div>","protected":false},"excerpt":{"rendered":"<p>Coaching feminista para mejorar las relaciones amorosas \u00bfEst\u00e1s&nbsp;cansadx de sufrir&nbsp;en tus relaciones amorosas? \u00bfA menudo&nbsp;sientes malestar&nbsp;tanto en una relaci\u00f3n como sin ella? \u00bfTe juegan malas pasadas los&nbsp;celos? \u00bfEl&nbsp;modelo cl\u00e1sico&nbsp;(chico-chica, hipoteca y monogamia sin fin) te provoca&nbsp;sudores? \u00bfSientes&nbsp;dependencia&nbsp;cuando est\u00e1s con alguien y no sabes c\u00f3mo soltarla? \u00bfTus&nbsp;rollos-parejas-tinders&nbsp;te ocupan mucho sitio en tu cabeza y te quitan energ\u00eda? \u00bfIdentificas&nbsp;patrones que se repiten&nbsp;en [&hellip;]<\/p>","protected":false},"author":1,"featured_media":405,"parent":0,"menu_order":0,"comment_status":"closed","ping_status":"closed","template":"page-fullwidth.php","meta":{"_coblocks_attr":"","_coblocks_dimensions":"","_coblocks_responsive_height":"","_coblocks_accordion_ie_support":"","_uag_custom_page_level_css":""},"featured_image_src":"https:\/\/adiosamoresperros.org\/wp-content\/uploads\/2019\/02\/cabecera2.jpg","featured_image_src_square":"https:\/\/adiosamoresperros.org\/wp-content\/uploads\/2019\/02\/cabecera2.jpg","uagb_featured_image_src":{"full":["https:\/\/adiosamoresperros.org\/wp-content\/uploads\/2019\/02\/cabecera2.jpg",1800,822,false],"thumbnail":["https:\/\/adiosamoresperros.org\/wp-content\/uploads\/2019\/02\/cabecera2-150x150.jpg",150,150,true],"medium":["https:\/\/adiosamoresperros.org\/wp-content\/uploads\/2019\/02\/cabecera2-300x137.jpg",300,137,true],"medium_large":["https:\/\/adiosamoresperros.org\/wp-content\/uploads\/2019\/02\/cabecera2-768x351.jpg",640,293,true],"large":["https:\/\/adiosamoresperros.org\/wp-content\/uploads\/2019\/02\/cabecera2-1024x468.jpg",640,293,true],"1536x1536":["https:\/\/adiosamoresperros.org\/wp-content\/uploads\/2019\/02\/cabecera2.jpg",1536,701,false],"2048x2048":["https:\/\/adiosamoresperros.org\/wp-content\/uploads\/2019\/02\/cabecera2.jpg",1800,822,false],"trp-custom-language-flag":["https:\/\/adiosamoresperros.org\/wp-content\/uploads\/2019\/02\/cabecera2.jpg",18,8,false],"ab-block-post-grid-landscape":["https:\/\/adiosamoresperros.org\/wp-content\/uploads\/2019\/02\/cabecera2.jpg",600,274,false],"ab-block-post-grid-square":["https:\/\/adiosamoresperros.org\/wp-content\/uploads\/2019\/02\/cabecera2.jpg",600,274,false],"sensible-wp-home-blog":["https:\/\/adiosamoresperros.org\/wp-content\/uploads\/2019\/02\/cabecera2-400x250.jpg",400,250,true],"woocommerce_thumbnail":["https:\/\/adiosamoresperros.org\/wp-content\/uploads\/2019\/02\/cabecera2-300x300.jpg",300,300,true],"woocommerce_single":["https:\/\/adiosamoresperros.org\/wp-content\/uploads\/2019\/02\/cabecera2-600x274.jpg",600,274,true],"woocommerce_gallery_thumbnail":["https:\/\/adiosamoresperros.org\/wp-content\/uploads\/2019\/02\/cabecera2-100x100.jpg",100,100,true]},"uagb_author_info":{"display_name":"adiosamoresperro","author_link":"https:\/\/adiosamoresperros.org\/ca\/author\/adiosamoresperro\/"},"uagb_comment_info":0,"uagb_excerpt":"Coaching feminista para mejorar las relaciones amorosas \u00bfEst\u00e1s&nbsp;cansadx de sufrir&nbsp;en tus relaciones amorosas? \u00bfA menudo&nbsp;sientes malestar&nbsp;tanto en una relaci\u00f3n como sin ella? \u00bfTe juegan malas pasadas los&nbsp;celos? \u00bfEl&nbsp;modelo cl\u00e1sico&nbsp;(chico-chica, hipoteca y monogamia sin fin) te provoca&nbsp;sudores? \u00bfSientes&nbsp;dependencia&nbsp;cuando est\u00e1s con alguien y no sabes c\u00f3mo soltarla? \u00bfTus&nbsp;rollos-parejas-tinders&nbsp;te ocupan mucho sitio en tu cabeza y te quitan&hellip;","_links":{"self":[{"href":"https:\/\/adiosamoresperros.org\/ca\/wp-json\/wp\/v2\/pages\/976"}],"collection":[{"href":"https:\/\/adiosamoresperros.org\/ca\/wp-json\/wp\/v2\/pages"}],"about":[{"href":"https:\/\/adiosamoresperros.org\/ca\/wp-json\/wp\/v2\/types\/page"}],"author":[{"embeddable":true,"href":"https:\/\/adiosamoresperros.org\/ca\/wp-json\/wp\/v2\/users\/1"}],"replies":[{"embeddable":true,"href":"https:\/\/adiosamoresperros.org\/ca\/wp-json\/wp\/v2\/comments?post=976"}],"version-history":[{"count":48,"href":"https:\/\/adiosamoresperros.org\/ca\/wp-json\/wp\/v2\/pages\/976\/revisions"}],"predecessor-version":[{"id":3011,"href":"https:\/\/adiosamoresperros.org\/ca\/wp-json\/wp\/v2\/pages\/976\/revisions\/3011"}],"wp:featuredmedia":[{"embeddable":true,"href":"https:\/\/adiosamoresperros.org\/ca\/wp-json\/wp\/v2\/media\/405"}],"wp:attachment":[{"href":"https:\/\/adiosamoresperros.org\/ca\/wp-json\/wp\/v2\/media?parent=976"}],"curies":[{"name":"wp","href":"https:\/\/api.w.org\/{rel}","templated":true}]}}