{"id":772,"date":"2019-04-27T08:49:32","date_gmt":"2019-04-27T08:49:32","guid":{"rendered":"https:\/\/adiosamoresperros.org\/?page_id=772"},"modified":"2021-01-26T16:10:56","modified_gmt":"2021-01-26T16:10:56","slug":"objetivos","status":"publish","type":"page","link":"https:\/\/adiosamoresperros.org\/ca\/objetivos\/","title":{"rendered":"Objetivos de la Escuela"},"content":{"rendered":"<div style=\"height:50px\" aria-hidden=\"true\" class=\"wp-block-spacer\"><\/div>\n\n\n\n<h1 class=\"has-text-align-center wp-block-heading\">\u00bfQu\u00e9 te llevar\u00e1s de la Escuela \u201cAdi\u00f3s, Amores Perros\u201d?<\/h1>\n\n\n\n<div style=\"height:50px\" aria-hidden=\"true\" class=\"wp-block-spacer\"><\/div>\n\n\n\n<div class=\"wp-block-columns has-2-columns is-layout-flex wp-container-3\">\n<div class=\"wp-block-column is-layout-flow\">\n<div class=\"wp-block-uagb-icon-list uagb-icon-list__outer-wrap uagb-icon-list__layout-vertical uagb-icon-list__icon-at-top\" id=\"uagb-icon-list-45370c03-6dd2-4513-b95b-f185863b6608\"><div class=\"uagb-icon-list__wrap\"><a class=\"uagb-icon-list-repeater-0 uagb-icon-list__wrapper\" target=\"_self\" rel=\"noopener noreferrer\" href=\"\/ca\/void(0);\/\"><div class=\"uagb-icon-list__content-wrap\"><span class=\"uagb-icon-list__source-wrap\"><span class=\"uagb-icon-list__source-icon\"><svg xmlns=\"http:\/\/www.w3.org\/2000\/svg\" viewbox=\"0 0 512 512\"><path d=\"M256 8c137 0 248 111 248 248S393 504 256 504 8 393 8 256 119 8 256 8zm-28.9 143.6l75.5 72.4H120c-13.3 0-24 10.7-24 24v16c0 13.3 10.7 24 24 24h182.6l-75.5 72.4c-9.7 9.3-9.9 24.8-.4 34.3l11 10.9c9.4 9.4 24.6 9.4 33.9 0L404.3 273c9.4-9.4 9.4-24.6 0-33.9L271.6 106.3c-9.4-9.4-24.6-9.4-33.9 0l-11 10.9c-9.5 9.6-9.3 25.1.4 34.4z\"><\/path><\/svg><\/span><\/span><div class=\"uagb-icon-list__label-wrap\"><span class=\"uagb-icon-list__label\">Unas bases m\u00e1s asentadas para establecer <strong>relaciones sanas, igualitarias y disfrutonas.<\/strong> <\/span><\/div><\/div><\/a><a class=\"uagb-icon-list-repeater-1 uagb-icon-list__wrapper\" target=\"_self\" rel=\"noopener noreferrer\" href=\"#\"><div class=\"uagb-icon-list__content-wrap\"><span class=\"uagb-icon-list__source-wrap\"><span class=\"uagb-icon-list__source-icon\"><svg xmlns=\"http:\/\/www.w3.org\/2000\/svg\" viewbox=\"0 0 512 512\"><path d=\"M256 8c137 0 248 111 248 248S393 504 256 504 8 393 8 256 119 8 256 8zm-28.9 143.6l75.5 72.4H120c-13.3 0-24 10.7-24 24v16c0 13.3 10.7 24 24 24h182.6l-75.5 72.4c-9.7 9.3-9.9 24.8-.4 34.3l11 10.9c9.4 9.4 24.6 9.4 33.9 0L404.3 273c9.4-9.4 9.4-24.6 0-33.9L271.6 106.3c-9.4-9.4-24.6-9.4-33.9 0l-11 10.9c-9.5 9.6-9.3 25.1.4 34.4z\"><\/path><\/svg><\/span><\/span><div class=\"uagb-icon-list__label-wrap\"><span class=\"uagb-icon-list__label\"> La decisi\u00f3n y la actitud para <strong>soltar el sufrimiento y abrazar tu autocuidado.<\/strong> <\/span><\/div><\/div><\/a><a class=\"uagb-icon-list-repeater-2 uagb-icon-list__wrapper\" target=\"_self\" rel=\"noopener noreferrer\" href=\"#\"><div class=\"uagb-icon-list__content-wrap\"><span class=\"uagb-icon-list__source-wrap\"><span class=\"uagb-icon-list__source-icon\"><svg xmlns=\"http:\/\/www.w3.org\/2000\/svg\" viewbox=\"0 0 512 512\"><path d=\"M256 8c137 0 248 111 248 248S393 504 256 504 8 393 8 256 119 8 256 8zm-28.9 143.6l75.5 72.4H120c-13.3 0-24 10.7-24 24v16c0 13.3 10.7 24 24 24h182.6l-75.5 72.4c-9.7 9.3-9.9 24.8-.4 34.3l11 10.9c9.4 9.4 24.6 9.4 33.9 0L404.3 273c9.4-9.4 9.4-24.6 0-33.9L271.6 106.3c-9.4-9.4-24.6-9.4-33.9 0l-11 10.9c-9.5 9.6-9.3 25.1.4 34.4z\"><\/path><\/svg><\/span><\/span><div class=\"uagb-icon-list__label-wrap\"><span class=\"uagb-icon-list__label\"> Un camino marcado, con <strong>objetivos concretos<\/strong>, para saber en qu\u00e9 quieres mejorar en tus afectos y d\u00f3nde quieres llegar.<br><\/span><\/div><\/div><\/a><a class=\"uagb-icon-list-repeater-3 uagb-icon-list__wrapper\" target=\"_self\" rel=\"noopener noreferrer\" href=\"#\"><div class=\"uagb-icon-list__content-wrap\"><span class=\"uagb-icon-list__source-wrap\"><span class=\"uagb-icon-list__source-icon\"><svg xmlns=\"http:\/\/www.w3.org\/2000\/svg\" viewbox=\"0 0 512 512\"><path d=\"M256 8c137 0 248 111 248 248S393 504 256 504 8 393 8 256 119 8 256 8zm-28.9 143.6l75.5 72.4H120c-13.3 0-24 10.7-24 24v16c0 13.3 10.7 24 24 24h182.6l-75.5 72.4c-9.7 9.3-9.9 24.8-.4 34.3l11 10.9c9.4 9.4 24.6 9.4 33.9 0L404.3 273c9.4-9.4 9.4-24.6 0-33.9L271.6 106.3c-9.4-9.4-24.6-9.4-33.9 0l-11 10.9c-9.5 9.6-9.3 25.1.4 34.4z\"><\/path><\/svg><\/span><\/span><div class=\"uagb-icon-list__label-wrap\"><span class=\"uagb-icon-list__label\"> Tu <strong>autoestima y autonom\u00eda reforzadas<\/strong>: \u00a1soltamos dependencias! <\/span><\/div><\/div><\/a><a class=\"uagb-icon-list-repeater-4 uagb-icon-list__wrapper\" target=\"_self\" rel=\"noopener noreferrer\" href=\"#\"><div class=\"uagb-icon-list__content-wrap\"><span class=\"uagb-icon-list__source-wrap\"><span class=\"uagb-icon-list__source-icon\"><svg xmlns=\"http:\/\/www.w3.org\/2000\/svg\" viewbox=\"0 0 512 512\"><path d=\"M256 8c137 0 248 111 248 248S393 504 256 504 8 393 8 256 119 8 256 8zm-28.9 143.6l75.5 72.4H120c-13.3 0-24 10.7-24 24v16c0 13.3 10.7 24 24 24h182.6l-75.5 72.4c-9.7 9.3-9.9 24.8-.4 34.3l11 10.9c9.4 9.4 24.6 9.4 33.9 0L404.3 273c9.4-9.4 9.4-24.6 0-33.9L271.6 106.3c-9.4-9.4-24.6-9.4-33.9 0l-11 10.9c-9.5 9.6-9.3 25.1.4 34.4z\"><\/path><\/svg><\/span><\/span><div class=\"uagb-icon-list__label-wrap\"><span class=\"uagb-icon-list__label\">El sentir que t\u00fa ya eres un <strong>ser valioso y completo<\/strong>. <\/span><\/div><\/div><\/a><a class=\"uagb-icon-list-repeater-5 uagb-icon-list__wrapper\" target=\"_self\" rel=\"noopener noreferrer\" href=\"#\"><div class=\"uagb-icon-list__content-wrap\"><span class=\"uagb-icon-list__source-wrap\"><span class=\"uagb-icon-list__source-icon\"><svg xmlns=\"http:\/\/www.w3.org\/2000\/svg\" viewbox=\"0 0 512 512\"><path d=\"M256 8c137 0 248 111 248 248S393 504 256 504 8 393 8 256 119 8 256 8zm-28.9 143.6l75.5 72.4H120c-13.3 0-24 10.7-24 24v16c0 13.3 10.7 24 24 24h182.6l-75.5 72.4c-9.7 9.3-9.9 24.8-.4 34.3l11 10.9c9.4 9.4 24.6 9.4 33.9 0L404.3 273c9.4-9.4 9.4-24.6 0-33.9L271.6 106.3c-9.4-9.4-24.6-9.4-33.9 0l-11 10.9c-9.5 9.6-9.3 25.1.4 34.4z\"><\/path><\/svg><\/span><\/span><div class=\"uagb-icon-list__label-wrap\"><span class=\"uagb-icon-list__label\">Un mayor autoconocimiento para abrirte a nuevos modos de relacionarte contigo y lxs dem\u00e1s: <strong>recursos concretos de coaching feminista.<\/strong> <\/span><\/div><\/div><\/a><a class=\"uagb-icon-list-repeater-6 uagb-icon-list__wrapper\" target=\"_self\" rel=\"noopener noreferrer\" href=\"#\"><div class=\"uagb-icon-list__content-wrap\"><span class=\"uagb-icon-list__source-wrap\"><span class=\"uagb-icon-list__source-icon\"><svg xmlns=\"http:\/\/www.w3.org\/2000\/svg\" viewbox=\"0 0 512 512\"><path d=\"M256 8c137 0 248 111 248 248S393 504 256 504 8 393 8 256 119 8 256 8zm-28.9 143.6l75.5 72.4H120c-13.3 0-24 10.7-24 24v16c0 13.3 10.7 24 24 24h182.6l-75.5 72.4c-9.7 9.3-9.9 24.8-.4 34.3l11 10.9c9.4 9.4 24.6 9.4 33.9 0L404.3 273c9.4-9.4 9.4-24.6 0-33.9L271.6 106.3c-9.4-9.4-24.6-9.4-33.9 0l-11 10.9c-9.5 9.6-9.3 25.1.4 34.4z\"><\/path><\/svg><\/span><\/span><div class=\"uagb-icon-list__label-wrap\"><span class=\"uagb-icon-list__label\">Consciencia sobre tus <strong>valores vitales<\/strong>: los ejes claves de tu empoderamiento. <\/span><\/div><\/div><\/a><\/div><\/div>\n\n\n\n<p><\/p>\n<\/div>\n\n\n\n<div class=\"wp-block-column is-layout-flow\">\n<div class=\"wp-block-uagb-icon-list uagb-icon-list__outer-wrap uagb-icon-list__layout-vertical uagb-icon-list__icon-at-top\" id=\"uagb-icon-list-07205f28-40a7-4dda-ad09-e7b8a80155f6\"><div class=\"uagb-icon-list__wrap\"><a class=\"uagb-icon-list-repeater-0 uagb-icon-list__wrapper\" target=\"_self\" rel=\"noopener noreferrer\" href=\"\/ca\/void(0);\/\"><div class=\"uagb-icon-list__content-wrap\"><span class=\"uagb-icon-list__source-wrap\"><span class=\"uagb-icon-list__source-icon\"><svg xmlns=\"http:\/\/www.w3.org\/2000\/svg\" viewbox=\"0 0 512 512\"><path d=\"M256 8c137 0 248 111 248 248S393 504 256 504 8 393 8 256 119 8 256 8zm-28.9 143.6l75.5 72.4H120c-13.3 0-24 10.7-24 24v16c0 13.3 10.7 24 24 24h182.6l-75.5 72.4c-9.7 9.3-9.9 24.8-.4 34.3l11 10.9c9.4 9.4 24.6 9.4 33.9 0L404.3 273c9.4-9.4 9.4-24.6 0-33.9L271.6 106.3c-9.4-9.4-24.6-9.4-33.9 0l-11 10.9c-9.5 9.6-9.3 25.1.4 34.4z\"><\/path><\/svg><\/span><\/span><div class=\"uagb-icon-list__label-wrap\"><span class=\"uagb-icon-list__label\">Herramientas concretas para <strong>comunicarte de una manera m\u00e1s sana y asertiva<\/strong>\u00a0 <\/span><\/div><\/div><\/a><a class=\"uagb-icon-list-repeater-1 uagb-icon-list__wrapper\" target=\"_self\" rel=\"noopener noreferrer\" href=\"#\"><div class=\"uagb-icon-list__content-wrap\"><span class=\"uagb-icon-list__source-wrap\"><span class=\"uagb-icon-list__source-icon\"><svg xmlns=\"http:\/\/www.w3.org\/2000\/svg\" viewbox=\"0 0 512 512\"><path d=\"M256 8c137 0 248 111 248 248S393 504 256 504 8 393 8 256 119 8 256 8zm-28.9 143.6l75.5 72.4H120c-13.3 0-24 10.7-24 24v16c0 13.3 10.7 24 24 24h182.6l-75.5 72.4c-9.7 9.3-9.9 24.8-.4 34.3l11 10.9c9.4 9.4 24.6 9.4 33.9 0L404.3 273c9.4-9.4 9.4-24.6 0-33.9L271.6 106.3c-9.4-9.4-24.6-9.4-33.9 0l-11 10.9c-9.5 9.6-9.3 25.1.4 34.4z\"><\/path><\/svg><\/span><\/span><div class=\"uagb-icon-list__label-wrap\"><span class=\"uagb-icon-list__label\">Mayor liberaci\u00f3n de los roles de g\u00e9nero en el amor: las mujeres como seres para los otros, los hombres como seres que desean y deciden. <strong>\u00a1Adi\u00f3s, pesadilla binarista!<\/strong>\u00a0<\/span><\/div><\/div><\/a><a class=\"uagb-icon-list-repeater-2 uagb-icon-list__wrapper\" target=\"_self\" rel=\"noopener noreferrer\" href=\"#\"><div class=\"uagb-icon-list__content-wrap\"><span class=\"uagb-icon-list__source-wrap\"><span class=\"uagb-icon-list__source-icon\"><svg xmlns=\"http:\/\/www.w3.org\/2000\/svg\" viewbox=\"0 0 512 512\"><path d=\"M256 8c137 0 248 111 248 248S393 504 256 504 8 393 8 256 119 8 256 8zm-28.9 143.6l75.5 72.4H120c-13.3 0-24 10.7-24 24v16c0 13.3 10.7 24 24 24h182.6l-75.5 72.4c-9.7 9.3-9.9 24.8-.4 34.3l11 10.9c9.4 9.4 24.6 9.4 33.9 0L404.3 273c9.4-9.4 9.4-24.6 0-33.9L271.6 106.3c-9.4-9.4-24.6-9.4-33.9 0l-11 10.9c-9.5 9.6-9.3 25.1.4 34.4z\"><\/path><\/svg><\/span><\/span><div class=\"uagb-icon-list__label-wrap\"><span class=\"uagb-icon-list__label\">Te llevar\u00e1s alternativas sanas a las estructuras emocionales obsoletas y patrones de relaci\u00f3n da\u00f1inos.\u00a0  <br><\/span><\/div><\/div><\/a><a class=\"uagb-icon-list-repeater-3 uagb-icon-list__wrapper\" target=\"_self\" rel=\"noopener noreferrer\" href=\"#\"><div class=\"uagb-icon-list__content-wrap\"><span class=\"uagb-icon-list__source-wrap\"><span class=\"uagb-icon-list__source-icon\"><svg xmlns=\"http:\/\/www.w3.org\/2000\/svg\" viewbox=\"0 0 512 512\"><path d=\"M256 8c137 0 248 111 248 248S393 504 256 504 8 393 8 256 119 8 256 8zm-28.9 143.6l75.5 72.4H120c-13.3 0-24 10.7-24 24v16c0 13.3 10.7 24 24 24h182.6l-75.5 72.4c-9.7 9.3-9.9 24.8-.4 34.3l11 10.9c9.4 9.4 24.6 9.4 33.9 0L404.3 273c9.4-9.4 9.4-24.6 0-33.9L271.6 106.3c-9.4-9.4-24.6-9.4-33.9 0l-11 10.9c-9.5 9.6-9.3 25.1.4 34.4z\"><\/path><\/svg><\/span><\/span><div class=\"uagb-icon-list__label-wrap\"><span class=\"uagb-icon-list__label\">Apertura a las <strong>diversidades<\/strong>: de g\u00e9nero, de tipos de relaciones, de miradas\u2026 \u00a1creemos mundos m\u00e1s ricos y coloridos!\u00a0 <\/span><\/div><\/div><\/a><a class=\"uagb-icon-list-repeater-4 uagb-icon-list__wrapper\" target=\"_self\" rel=\"noopener noreferrer\" href=\"#\"><div class=\"uagb-icon-list__content-wrap\"><span class=\"uagb-icon-list__source-wrap\"><span class=\"uagb-icon-list__source-icon\"><svg xmlns=\"http:\/\/www.w3.org\/2000\/svg\" viewbox=\"0 0 512 512\"><path d=\"M256 8c137 0 248 111 248 248S393 504 256 504 8 393 8 256 119 8 256 8zm-28.9 143.6l75.5 72.4H120c-13.3 0-24 10.7-24 24v16c0 13.3 10.7 24 24 24h182.6l-75.5 72.4c-9.7 9.3-9.9 24.8-.4 34.3l11 10.9c9.4 9.4 24.6 9.4 33.9 0L404.3 273c9.4-9.4 9.4-24.6 0-33.9L271.6 106.3c-9.4-9.4-24.6-9.4-33.9 0l-11 10.9c-9.5 9.6-9.3 25.1.4 34.4z\"><\/path><\/svg><\/span><\/span><div class=\"uagb-icon-list__label-wrap\"><span class=\"uagb-icon-list__label\">La <strong>riqueza maravillosa del grupo:<\/strong> poner en com\u00fan experiencias de vida, conocimientos y herramientas para una vida amorosa m\u00e1s plena y sana.\u00a0<\/span><\/div><\/div><\/a><\/div><\/div>\n\n\n\n<p><\/p>\n<\/div>\n<\/div>\n\n\n\n<div style=\"height:50px\" aria-hidden=\"true\" class=\"wp-block-spacer\"><\/div>\n\n\n\n<h5 class=\"has-text-align-center wp-block-heading\"><strong>Y todo esto con nosotras, las formadoras, siempre bien cerca.<\/strong><\/h5>\n\n\n\n<div style=\"height:50px\" aria-hidden=\"true\" class=\"wp-block-spacer\"><\/div>\n\n\n\n<div class=\"wp-block-button aligncenter\"><a class=\"wp-block-button__link has-very-light-gray-color has-text-color has-background\" href=\"https:\/\/adiosamoresperros.org\/ca\/proximas-ediciones\/\" style=\"border-radius:5px;background-color:#864e86\"><strong>\u00a1Quiero ver las pr\u00f3ximas ediciones de la escuela!<\/strong><\/a><\/div>\n\n\n\n<div style=\"height:50px\" aria-hidden=\"true\" class=\"wp-block-spacer\"><\/div>\n\n\n\n<figure class=\"wp-block-image\"><img decoding=\"async\" loading=\"lazy\" width=\"1700\" height=\"824\" src=\"https:\/\/adiosamoresperros.org\/wp-content\/uploads\/2019\/05\/equipo_escuela-adios-amores-perros2.jpg\" alt=\"\" class=\"wp-image-833\" srcset=\"https:\/\/adiosamoresperros.org\/wp-content\/uploads\/2019\/05\/equipo_escuela-adios-amores-perros2.jpg 1700w, https:\/\/adiosamoresperros.org\/wp-content\/uploads\/2019\/05\/equipo_escuela-adios-amores-perros2-600x291.jpg 600w, https:\/\/adiosamoresperros.org\/wp-content\/uploads\/2019\/05\/equipo_escuela-adios-amores-perros2-300x145.jpg 300w, https:\/\/adiosamoresperros.org\/wp-content\/uploads\/2019\/05\/equipo_escuela-adios-amores-perros2-768x372.jpg 768w, https:\/\/adiosamoresperros.org\/wp-content\/uploads\/2019\/05\/equipo_escuela-adios-amores-perros2-1024x496.jpg 1024w\" sizes=\"(max-width: 1700px) 100vw, 1700px\" \/><\/figure>","protected":false},"excerpt":{"rendered":"<p>\u00bfQu\u00e9 te llevar\u00e1s de la Escuela \u201cAdi\u00f3s, Amores Perros\u201d? Y todo esto con nosotras, las formadoras, siempre bien cerca.<\/p>","protected":false},"author":1,"featured_media":378,"parent":0,"menu_order":0,"comment_status":"closed","ping_status":"closed","template":"page-fullwidth.php","meta":{"_coblocks_attr":"","_coblocks_dimensions":"","_coblocks_responsive_height":"","_coblocks_accordion_ie_support":"","_uag_custom_page_level_css":""},"featured_image_src":"https:\/\/adiosamoresperros.org\/wp-content\/uploads\/2019\/02\/cabecera4-prueba.jpg","featured_image_src_square":"https:\/\/adiosamoresperros.org\/wp-content\/uploads\/2019\/02\/cabecera4-prueba.jpg","uagb_featured_image_src":{"full":["https:\/\/adiosamoresperros.org\/wp-content\/uploads\/2019\/02\/cabecera4-prueba.jpg",1800,822,false],"thumbnail":["https:\/\/adiosamoresperros.org\/wp-content\/uploads\/2019\/02\/cabecera4-prueba-150x150.jpg",150,150,true],"medium":["https:\/\/adiosamoresperros.org\/wp-content\/uploads\/2019\/02\/cabecera4-prueba-300x137.jpg",300,137,true],"medium_large":["https:\/\/adiosamoresperros.org\/wp-content\/uploads\/2019\/02\/cabecera4-prueba-768x351.jpg",640,293,true],"large":["https:\/\/adiosamoresperros.org\/wp-content\/uploads\/2019\/02\/cabecera4-prueba-1024x468.jpg",640,293,true],"1536x1536":["https:\/\/adiosamoresperros.org\/wp-content\/uploads\/2019\/02\/cabecera4-prueba.jpg",1536,701,false],"2048x2048":["https:\/\/adiosamoresperros.org\/wp-content\/uploads\/2019\/02\/cabecera4-prueba.jpg",1800,822,false],"trp-custom-language-flag":["https:\/\/adiosamoresperros.org\/wp-content\/uploads\/2019\/02\/cabecera4-prueba.jpg",18,8,false],"ab-block-post-grid-landscape":["https:\/\/adiosamoresperros.org\/wp-content\/uploads\/2019\/02\/cabecera4-prueba.jpg",600,274,false],"ab-block-post-grid-square":["https:\/\/adiosamoresperros.org\/wp-content\/uploads\/2019\/02\/cabecera4-prueba.jpg",600,274,false],"sensible-wp-home-blog":["https:\/\/adiosamoresperros.org\/wp-content\/uploads\/2019\/02\/cabecera4-prueba-400x250.jpg",400,250,true],"woocommerce_thumbnail":["https:\/\/adiosamoresperros.org\/wp-content\/uploads\/2019\/02\/cabecera4-prueba-300x300.jpg",300,300,true],"woocommerce_single":["https:\/\/adiosamoresperros.org\/wp-content\/uploads\/2019\/02\/cabecera4-prueba-600x274.jpg",600,274,true],"woocommerce_gallery_thumbnail":["https:\/\/adiosamoresperros.org\/wp-content\/uploads\/2019\/02\/cabecera4-prueba-100x100.jpg",100,100,true]},"uagb_author_info":{"display_name":"adiosamoresperro","author_link":"https:\/\/adiosamoresperros.org\/ca\/author\/adiosamoresperro\/"},"uagb_comment_info":0,"uagb_excerpt":"\u00bfQu\u00e9 te llevar\u00e1s de la Escuela \u201cAdi\u00f3s, Amores Perros\u201d? Y todo esto con nosotras, las formadoras, siempre bien cerca.","_links":{"self":[{"href":"https:\/\/adiosamoresperros.org\/ca\/wp-json\/wp\/v2\/pages\/772"}],"collection":[{"href":"https:\/\/adiosamoresperros.org\/ca\/wp-json\/wp\/v2\/pages"}],"about":[{"href":"https:\/\/adiosamoresperros.org\/ca\/wp-json\/wp\/v2\/types\/page"}],"author":[{"embeddable":true,"href":"https:\/\/adiosamoresperros.org\/ca\/wp-json\/wp\/v2\/users\/1"}],"replies":[{"embeddable":true,"href":"https:\/\/adiosamoresperros.org\/ca\/wp-json\/wp\/v2\/comments?post=772"}],"version-history":[{"count":24,"href":"https:\/\/adiosamoresperros.org\/ca\/wp-json\/wp\/v2\/pages\/772\/revisions"}],"predecessor-version":[{"id":1924,"href":"https:\/\/adiosamoresperros.org\/ca\/wp-json\/wp\/v2\/pages\/772\/revisions\/1924"}],"wp:featuredmedia":[{"embeddable":true,"href":"https:\/\/adiosamoresperros.org\/ca\/wp-json\/wp\/v2\/media\/378"}],"wp:attachment":[{"href":"https:\/\/adiosamoresperros.org\/ca\/wp-json\/wp\/v2\/media?parent=772"}],"curies":[{"name":"wp","href":"https:\/\/api.w.org\/{rel}","templated":true}]}}