{"id":758,"date":"2019-04-27T08:29:38","date_gmt":"2019-04-27T08:29:38","guid":{"rendered":"https:\/\/adiosamoresperros.org\/?page_id=758"},"modified":"2020-04-06T06:20:22","modified_gmt":"2020-04-06T06:20:22","slug":"formato","status":"publish","type":"page","link":"https:\/\/adiosamoresperros.org\/ca\/formato\/","title":{"rendered":"Formato"},"content":{"rendered":"<div style=\"height:50px\" aria-hidden=\"true\" class=\"wp-block-spacer\"><\/div>\n\n\n\n<h2 class=\"has-text-align-center wp-block-heading\">La Escuela cuenta con 3 formatos, elije el que mejor se adapte a ti.<\/h2>\n\n\n\n<div style=\"height:35px\" aria-hidden=\"true\" class=\"wp-block-spacer\"><\/div>\n\n\n\n<h5 class=\"has-text-align-center wp-block-heading\">Un formato <strong>100% ONLINE<\/strong> para que te puedas conectar desde cualquier lugar del mundo.  Un <strong>formato MIXTO<\/strong> (online y con una sesi\u00f3n presencial  de 7 horas en Barcelona)  y diversas <strong>ediciones presenciales<\/strong> que tienen lugar tambi\u00e9n en Barcelona. Adaptamos los contenidos de la Escuela para ayuntamientos, entidades, o intensivos de fin de semana \u00a1Preg\u00fantanos!. Hacemos los tres formatos a menudo.<\/h5>\n\n\n\n<div style=\"height:70px\" aria-hidden=\"true\" class=\"wp-block-spacer\"><\/div>\n\n\n\n<p><\/p>\n\n\n\n<p><\/p>\n\n\n\n<div class=\"wp-block-columns has-3-columns is-layout-flex wp-container-4\">\n<div class=\"wp-block-column is-layout-flow\">\n<div class=\"uagb-infobox__outer-wrap uagb-block-0f036710-2fa3-4912-8804-5df1755234a6\"><div class=\"uagb-infobox__content-wrap uagb-infobox uagb-infobox-has-icon uagb-infobox-icon-above-title uagb-infobox-image-valign-top uagb-infobox-enable-border-radius\"><div class=\"uagb-ifb-left-right-wrap\"><div class=\"uagb-ifb-content\"><div class=\"uagb-ifb-image-icon-content uagb-ifb-imgicon-wrap\"><div class=\"uagb-ifb-icon-wrap\"><span class=\"uagb-ifb-icon\"><svg xmlns=\"http:\/\/www.w3.org\/2000\/svg\" viewbox=\"0 0 640 512\"><path d=\"M624 416H381.54c-.74 19.81-14.71 32-32.74 32H288c-18.69 0-33.02-17.47-32.77-32H16c-8.8 0-16 7.2-16 16v16c0 35.2 28.8 64 64 64h512c35.2 0 64-28.8 64-64v-16c0-8.8-7.2-16-16-16zM576 48c0-26.4-21.6-48-48-48H112C85.6 0 64 21.6 64 48v336h512V48zm-64 272H128V64h384v256z\"><\/path><\/svg><\/span><\/div><\/div><div class=\"uagb-ifb-title-wrap\"><h3 class=\"uagb-ifb-title\">ESCUELA 100% ONLINE<br><\/h3><\/div><div class=\"uagb-ifb-separator-parent\"><div class=\"uagb-ifb-separator\"><\/div><\/div><div class=\"uagb-ifb-text-wrap\"><p class=\"uagb-ifb-desc\"><strong>Cinco m\u00f3dulos de curso online<\/strong>&nbsp;a tu ritmo, desde tu casa o tu rinc\u00f3n preferido. Y con nosotras, las formadoras, siempre bien cerquita. <\/p><\/div><\/div><\/div><\/div><\/div>\n<\/div>\n\n\n\n<div class=\"wp-block-column is-layout-flow\">\n<div class=\"uagb-infobox__outer-wrap uagb-block-6d6ad2e5-5acc-4413-87a3-aa519e5dbb82\"><div class=\"uagb-infobox__content-wrap uagb-infobox uagb-infobox-has-icon uagb-infobox-icon-above-title uagb-infobox-image-valign-top uagb-infobox-enable-border-radius\"><div class=\"uagb-ifb-left-right-wrap\"><div class=\"uagb-ifb-content\"><div class=\"uagb-ifb-image-icon-content uagb-ifb-imgicon-wrap\"><div class=\"uagb-ifb-icon-wrap\"><span class=\"uagb-ifb-icon\"><svg xmlns=\"http:\/\/www.w3.org\/2000\/svg\" viewbox=\"0 0 512 512\"><path d=\"M8 256c0 136.966 111.033 248 248 248s248-111.034 248-248S392.966 8 256 8 8 119.033 8 256zm248 184V72c101.705 0 184 82.311 184 184 0 101.705-82.311 184-184 184z\"><\/path><\/svg><\/span><\/div><\/div><div class=\"uagb-ifb-title-wrap\"><h3 class=\"uagb-ifb-title\">ESCUELA MIXTA<br><\/h3><\/div><div class=\"uagb-ifb-separator-parent\"><div class=\"uagb-ifb-separator\"><\/div><\/div><div class=\"uagb-ifb-text-wrap\"><p class=\"uagb-ifb-desc\">Online y presencial. Cinco m\u00f3dulos de&nbsp;<strong>curso online +&nbsp;<\/strong>&nbsp;una&nbsp;<strong>jornada intensiva<\/strong>&nbsp;en Barcelona (7 horas mano a mano)<\/p><\/div><\/div><\/div><\/div><\/div>\n<\/div>\n\n\n\n<div class=\"wp-block-column is-layout-flow\">\n<div class=\"uagb-infobox__outer-wrap uagb-block-6f4890d1-1920-4894-b3ae-17ac8af263d1\"><div class=\"uagb-infobox__content-wrap uagb-infobox uagb-infobox-has-icon uagb-infobox-icon-above-title uagb-infobox-image-valign-top uagb-infobox-enable-border-radius\"><div class=\"uagb-ifb-left-right-wrap\"><div class=\"uagb-ifb-content\"><div class=\"uagb-ifb-image-icon-content uagb-ifb-imgicon-wrap\"><div class=\"uagb-ifb-icon-wrap\"><span class=\"uagb-ifb-icon\"><svg xmlns=\"http:\/\/www.w3.org\/2000\/svg\" viewbox=\"0 0 576 512\"><path d=\"M546.2 9.7c-5.6-12.5-21.6-13-28.3-1.2C486.9 62.4 431.4 96 368 96h-80C182 96 96 182 96 288c0 7 .8 13.7 1.5 20.5C161.3 262.8 253.4 224 384 224c8.8 0 16 7.2 16 16s-7.2 16-16 16C132.6 256 26 410.1 2.4 468c-6.6 16.3 1.2 34.9 17.5 41.6 16.4 6.8 35-1.1 41.8-17.3 1.5-3.6 20.9-47.9 71.9-90.6 32.4 43.9 94 85.8 174.9 77.2C465.5 467.5 576 326.7 576 154.3c0-50.2-10.8-102.2-29.8-144.6z\"><\/path><\/svg><\/span><\/div><\/div><div class=\"uagb-ifb-title-wrap\"><h3 class=\"uagb-ifb-title\">   RETIRO DE FIN DE SEMANA <\/h3><\/div><div class=\"uagb-ifb-separator-parent\"><div class=\"uagb-ifb-separator\"><\/div><\/div><div class=\"uagb-ifb-text-wrap\"><p class=\"uagb-ifb-desc\">Compartiremos un fin de semana intensivo fuera de la ciudad y su ruido; repensando y re-acuerpando nuestros amores. <strong><a href=\"https:\/\/adiosamoresperros.org\/ca\/retiro\/\">\u00a1Inf\u00f3rmate aqu\u00ed!<\/a><\/strong><\/p><\/div><\/div><\/div><\/div><\/div>\n<\/div>\n<\/div>\n\n\n\n<div style=\"height:50px\" aria-hidden=\"true\" class=\"wp-block-spacer\"><\/div>\n\n\n\n<div class=\"wp-block-button aligncenter\"><a class=\"wp-block-button__link has-text-color has-very-light-gray-color has-background\" href=\"https:\/\/adiosamoresperros.org\/ca\/contacto\/\" style=\"background-color:#864e86;border-radius:5px\"><strong>\u00a1Quiero m\u00e1s informaci\u00f3n!<\/strong><\/a><\/div>\n\n\n\n<div style=\"height:150px\" aria-hidden=\"true\" class=\"wp-block-spacer\"><\/div>\n\n\n\n<h3 class=\"has-text-align-center morado wp-block-heading\"><strong>Contenidos de la Escuela \u201cAdi\u00f3s, Amores Perros\u201d<\/strong><\/h3>\n\n\n\n<div style=\"height:30px\" aria-hidden=\"true\" class=\"wp-block-spacer\"><\/div>\n\n\n\n<section class=\"wp-block-uagb-columns uagb-columns__wrap uagb-columns__background-undefined uagb-columns__stack-mobile uagb-columns__valign-undefined uagb-columns__gap-10 alignundefined uagb-block-a5a3a64a-056b-4cc4-90b9-52a159232508\"><div class=\"uagb-columns__overlay\"><\/div><div class=\"uagb-columns__inner-wrap uagb-columns__columns-2\">\n<div class=\"wp-block-uagb-column uagb-column__wrap uagb-column__background-color uagb-block-1e995152-cf81-4973-92f4-ad4a9cdd94ef\"><div class=\"uagb-column__overlay\"><\/div><div class=\"uagb-column__inner-wrap\">\n<div style=\"height:20px\" aria-hidden=\"true\" class=\"wp-block-spacer\"><\/div>\n\n\n\n<h4 class=\"has-text-align-center morado wp-block-heading\"><br>En la Escuela \u201cAdi\u00f3s, Amores Perros\u201d encontrar\u00e1s un modelo integrativo, feminista y hol\u00edstico.&nbsp;<br><\/h4>\n\n\n\n<div style=\"height:30px\" aria-hidden=\"true\" class=\"wp-block-spacer\"><\/div>\n\n\n\n<h5 class=\"has-text-align-center wp-block-heading\">Disfrutar\u00e1s de un <strong>espacio seguro de cuidado para mejorar tus relaciones amorosas<\/strong>, con v\u00eddeos, materiales did\u00e1cticos y ejercicios pr\u00e1cticos.&nbsp;<br><br><br>Si eliges el formato mixto y vienes a la <strong>sesi\u00f3n presencial, nos veremos cara a cara<\/strong> y encontrar\u00e1s la potencia del grupo.<\/h5>\n\n\n\n<p><\/p>\n\n\n\n<p><\/p>\n\n\n\n<p><\/p>\n<\/div><\/div>\n\n\n\n<div class=\"wp-block-uagb-column uagb-column__wrap uagb-column__background-color uagb-block-6e5926e8-64ed-4583-adfc-0c5718e44340\"><div class=\"uagb-column__overlay\"><\/div><div class=\"uagb-column__inner-wrap\">\n<div style=\"height:30px\" aria-hidden=\"true\" class=\"wp-block-spacer\"><\/div>\n\n\n\n<h5 class=\"wp-block-heading\"><strong>Tanto en el formato ONLINE como en el MIXTO te llevas adem\u00e1s estos extras descargables:<\/strong><\/h5>\n\n\n\n<div style=\"height:30px\" aria-hidden=\"true\" class=\"wp-block-spacer\"><\/div>\n\n\n\n<div class=\"wp-block-uagb-icon-list uagb-icon-list__outer-wrap uagb-icon-list__layout-vertical uagb-icon-list__icon-at-top\" id=\"uagb-icon-list-4a34f8be-1aee-485f-8ad5-6c8499b4b028\"><div class=\"uagb-icon-list__wrap\"><a class=\"uagb-icon-list-repeater-0 uagb-icon-list__wrapper\" target=\"_self\" rel=\"noopener noreferrer\" href=\"\/ca\/void(0);\/\"><div class=\"uagb-icon-list__content-wrap\"><span class=\"uagb-icon-list__source-wrap\"><span class=\"uagb-icon-list__source-icon\"><svg xmlns=\"http:\/\/www.w3.org\/2000\/svg\" viewbox=\"0 0 512 512\"><path d=\"M256 8c137 0 248 111 248 248S393 504 256 504 8 393 8 256 119 8 256 8zm-28.9 143.6l75.5 72.4H120c-13.3 0-24 10.7-24 24v16c0 13.3 10.7 24 24 24h182.6l-75.5 72.4c-9.7 9.3-9.9 24.8-.4 34.3l11 10.9c9.4 9.4 24.6 9.4 33.9 0L404.3 273c9.4-9.4 9.4-24.6 0-33.9L271.6 106.3c-9.4-9.4-24.6-9.4-33.9 0l-11 10.9c-9.5 9.6-9.3 25.1.4 34.4z\"><\/path><\/svg><\/span><\/span><div class=\"uagb-icon-list__label-wrap\"><span class=\"uagb-icon-list__label\">Manual para marcarse<strong>\u00a0buenos objetivos<\/strong>\u00a0e ir a por ellos. \u00a1Deja de procrastinar y enf\u00f3cate en lo que es importante para ti!<\/span><\/div><\/div><\/a><a class=\"uagb-icon-list-repeater-1 uagb-icon-list__wrapper\" target=\"_self\" rel=\"noopener noreferrer\" href=\"#\"><div class=\"uagb-icon-list__content-wrap\"><span class=\"uagb-icon-list__source-wrap\"><span class=\"uagb-icon-list__source-icon\"><svg xmlns=\"http:\/\/www.w3.org\/2000\/svg\" viewbox=\"0 0 512 512\"><path d=\"M256 8c137 0 248 111 248 248S393 504 256 504 8 393 8 256 119 8 256 8zm-28.9 143.6l75.5 72.4H120c-13.3 0-24 10.7-24 24v16c0 13.3 10.7 24 24 24h182.6l-75.5 72.4c-9.7 9.3-9.9 24.8-.4 34.3l11 10.9c9.4 9.4 24.6 9.4 33.9 0L404.3 273c9.4-9.4 9.4-24.6 0-33.9L271.6 106.3c-9.4-9.4-24.6-9.4-33.9 0l-11 10.9c-9.5 9.6-9.3 25.1.4 34.4z\"><\/path><\/svg><\/span><\/span><div class=\"uagb-icon-list__label-wrap\"><span class=\"uagb-icon-list__label\"><strong>Cuaderno de autoestima:<\/strong>\u00a0reflexiones y pr\u00e1cticas para quererte m\u00e1s. <br><\/span><\/div><\/div><\/a><a class=\"uagb-icon-list-repeater-2 uagb-icon-list__wrapper\" target=\"_self\" rel=\"noopener noreferrer\" href=\"#\"><div class=\"uagb-icon-list__content-wrap\"><span class=\"uagb-icon-list__source-wrap\"><span class=\"uagb-icon-list__source-icon\"><svg xmlns=\"http:\/\/www.w3.org\/2000\/svg\" viewbox=\"0 0 512 512\"><path d=\"M256 8c137 0 248 111 248 248S393 504 256 504 8 393 8 256 119 8 256 8zm-28.9 143.6l75.5 72.4H120c-13.3 0-24 10.7-24 24v16c0 13.3 10.7 24 24 24h182.6l-75.5 72.4c-9.7 9.3-9.9 24.8-.4 34.3l11 10.9c9.4 9.4 24.6 9.4 33.9 0L404.3 273c9.4-9.4 9.4-24.6 0-33.9L271.6 106.3c-9.4-9.4-24.6-9.4-33.9 0l-11 10.9c-9.5 9.6-9.3 25.1.4 34.4z\"><\/path><\/svg><\/span><\/span><div class=\"uagb-icon-list__label-wrap\"><span class=\"uagb-icon-list__label\">Plantilla para identificar tus\u00a0<strong>valores prioritarios<\/strong>, tus gu\u00edas poderosos<\/span><\/div><\/div><\/a><a class=\"uagb-icon-list-repeater-3 uagb-icon-list__wrapper\" target=\"_self\" rel=\"noopener noreferrer\" href=\"#\"><div class=\"uagb-icon-list__content-wrap\"><span class=\"uagb-icon-list__source-wrap\"><span class=\"uagb-icon-list__source-icon\"><svg xmlns=\"http:\/\/www.w3.org\/2000\/svg\" viewbox=\"0 0 512 512\"><path d=\"M256 8c137 0 248 111 248 248S393 504 256 504 8 393 8 256 119 8 256 8zm-28.9 143.6l75.5 72.4H120c-13.3 0-24 10.7-24 24v16c0 13.3 10.7 24 24 24h182.6l-75.5 72.4c-9.7 9.3-9.9 24.8-.4 34.3l11 10.9c9.4 9.4 24.6 9.4 33.9 0L404.3 273c9.4-9.4 9.4-24.6 0-33.9L271.6 106.3c-9.4-9.4-24.6-9.4-33.9 0l-11 10.9c-9.5 9.6-9.3 25.1.4 34.4z\"><\/path><\/svg><\/span><\/span><div class=\"uagb-icon-list__label-wrap\"><span class=\"uagb-icon-list__label\"><strong>Gu\u00eda Comunicaci\u00f3n no violenta<\/strong>: estrategias comunicativas para estar desde tu centro<\/span><\/div><\/div><\/a><a class=\"uagb-icon-list-repeater-4 uagb-icon-list__wrapper\" target=\"_self\" rel=\"noopener noreferrer\" href=\"#\"><div class=\"uagb-icon-list__content-wrap\"><span class=\"uagb-icon-list__source-wrap\"><span class=\"uagb-icon-list__source-icon\"><svg xmlns=\"http:\/\/www.w3.org\/2000\/svg\" viewbox=\"0 0 512 512\"><path d=\"M256 8c137 0 248 111 248 248S393 504 256 504 8 393 8 256 119 8 256 8zm-28.9 143.6l75.5 72.4H120c-13.3 0-24 10.7-24 24v16c0 13.3 10.7 24 24 24h182.6l-75.5 72.4c-9.7 9.3-9.9 24.8-.4 34.3l11 10.9c9.4 9.4 24.6 9.4 33.9 0L404.3 273c9.4-9.4 9.4-24.6 0-33.9L271.6 106.3c-9.4-9.4-24.6-9.4-33.9 0l-11 10.9c-9.5 9.6-9.3 25.1.4 34.4z\"><\/path><\/svg><\/span><\/span><div class=\"uagb-icon-list__label-wrap\"><span class=\"uagb-icon-list__label\"><strong>20 recursos deseables<\/strong>\u00a0para unos amores sanos y con sentido<\/span><\/div><\/div><\/a><a class=\"uagb-icon-list-repeater-5 uagb-icon-list__wrapper\" target=\"_self\" rel=\"noopener noreferrer\" href=\"#\"><div class=\"uagb-icon-list__content-wrap\"><span class=\"uagb-icon-list__source-wrap\"><span class=\"uagb-icon-list__source-icon\"><svg xmlns=\"http:\/\/www.w3.org\/2000\/svg\" viewbox=\"0 0 512 512\"><path d=\"M256 8c137 0 248 111 248 248S393 504 256 504 8 393 8 256 119 8 256 8zm-28.9 143.6l75.5 72.4H120c-13.3 0-24 10.7-24 24v16c0 13.3 10.7 24 24 24h182.6l-75.5 72.4c-9.7 9.3-9.9 24.8-.4 34.3l11 10.9c9.4 9.4 24.6 9.4 33.9 0L404.3 273c9.4-9.4 9.4-24.6 0-33.9L271.6 106.3c-9.4-9.4-24.6-9.4-33.9 0l-11 10.9c-9.5 9.6-9.3 25.1.4 34.4z\"><\/path><\/svg><\/span><\/span><div class=\"uagb-icon-list__label-wrap\"><span class=\"uagb-icon-list__label\">Listado de\u00a0<strong>creencias limitantes<\/strong>\u00a0sobre el amor y las relaciones + documento de trabajo personal<\/span><\/div><\/div><\/a><\/div><\/div>\n\n\n\n<div style=\"height:20px\" aria-hidden=\"true\" class=\"wp-block-spacer\"><\/div>\n<\/div><\/div>\n<\/div><\/section>\n\n\n\n<div style=\"height:50px\" aria-hidden=\"true\" class=\"wp-block-spacer\"><\/div>\n\n\n\n<div class=\"wp-block-button aligncenter\"><a class=\"wp-block-button__link has-text-color has-very-light-gray-color has-background\" href=\"https:\/\/adiosamoresperros.org\/ca\/contacto\/\" style=\"background-color:#864e86;border-radius:5px\"><strong>\u00a1Quiero m\u00e1s informaci\u00f3n!<\/strong><\/a><\/div>","protected":false},"excerpt":{"rendered":"<p>La Escuela cuenta con 3 formatos, elije el que mejor se adapte a ti. Un formato 100% ONLINE para que te puedas conectar desde cualquier lugar del mundo. Un formato MIXTO (online y con una sesi\u00f3n presencial de 7 horas en Barcelona) y diversas ediciones presenciales que tienen lugar tambi\u00e9n en Barcelona. Adaptamos los contenidos de la Escuela para ayuntamientos, [&hellip;]<\/p>","protected":false},"author":1,"featured_media":398,"parent":0,"menu_order":0,"comment_status":"closed","ping_status":"closed","template":"page-fullwidth.php","meta":{"_coblocks_attr":"","_coblocks_dimensions":"","_coblocks_responsive_height":"","_coblocks_accordion_ie_support":"","_uag_custom_page_level_css":""},"featured_image_src":"https:\/\/adiosamoresperros.org\/wp-content\/uploads\/2019\/02\/cabecera6.jpg","featured_image_src_square":"https:\/\/adiosamoresperros.org\/wp-content\/uploads\/2019\/02\/cabecera6.jpg","uagb_featured_image_src":{"full":["https:\/\/adiosamoresperros.org\/wp-content\/uploads\/2019\/02\/cabecera6.jpg",1800,822,false],"thumbnail":["https:\/\/adiosamoresperros.org\/wp-content\/uploads\/2019\/02\/cabecera6-150x150.jpg",150,150,true],"medium":["https:\/\/adiosamoresperros.org\/wp-content\/uploads\/2019\/02\/cabecera6-300x137.jpg",300,137,true],"medium_large":["https:\/\/adiosamoresperros.org\/wp-content\/uploads\/2019\/02\/cabecera6-768x351.jpg",640,293,true],"large":["https:\/\/adiosamoresperros.org\/wp-content\/uploads\/2019\/02\/cabecera6-1024x468.jpg",640,293,true],"1536x1536":["https:\/\/adiosamoresperros.org\/wp-content\/uploads\/2019\/02\/cabecera6.jpg",1536,701,false],"2048x2048":["https:\/\/adiosamoresperros.org\/wp-content\/uploads\/2019\/02\/cabecera6.jpg",1800,822,false],"trp-custom-language-flag":["https:\/\/adiosamoresperros.org\/wp-content\/uploads\/2019\/02\/cabecera6.jpg",18,8,false],"ab-block-post-grid-landscape":["https:\/\/adiosamoresperros.org\/wp-content\/uploads\/2019\/02\/cabecera6.jpg",600,274,false],"ab-block-post-grid-square":["https:\/\/adiosamoresperros.org\/wp-content\/uploads\/2019\/02\/cabecera6.jpg",600,274,false],"sensible-wp-home-blog":["https:\/\/adiosamoresperros.org\/wp-content\/uploads\/2019\/02\/cabecera6-400x250.jpg",400,250,true],"woocommerce_thumbnail":["https:\/\/adiosamoresperros.org\/wp-content\/uploads\/2019\/02\/cabecera6-300x300.jpg",300,300,true],"woocommerce_single":["https:\/\/adiosamoresperros.org\/wp-content\/uploads\/2019\/02\/cabecera6-600x274.jpg",600,274,true],"woocommerce_gallery_thumbnail":["https:\/\/adiosamoresperros.org\/wp-content\/uploads\/2019\/02\/cabecera6-100x100.jpg",100,100,true]},"uagb_author_info":{"display_name":"adiosamoresperro","author_link":"https:\/\/adiosamoresperros.org\/ca\/author\/adiosamoresperro\/"},"uagb_comment_info":0,"uagb_excerpt":"La Escuela cuenta con 3 formatos, elije el que mejor se adapte a ti. Un formato 100% ONLINE para que te puedas conectar desde cualquier lugar del mundo. Un formato MIXTO (online y con una sesi\u00f3n presencial de 7 horas en Barcelona) y diversas ediciones presenciales que tienen lugar tambi\u00e9n en Barcelona. Adaptamos los contenidos&hellip;","_links":{"self":[{"href":"https:\/\/adiosamoresperros.org\/ca\/wp-json\/wp\/v2\/pages\/758"}],"collection":[{"href":"https:\/\/adiosamoresperros.org\/ca\/wp-json\/wp\/v2\/pages"}],"about":[{"href":"https:\/\/adiosamoresperros.org\/ca\/wp-json\/wp\/v2\/types\/page"}],"author":[{"embeddable":true,"href":"https:\/\/adiosamoresperros.org\/ca\/wp-json\/wp\/v2\/users\/1"}],"replies":[{"embeddable":true,"href":"https:\/\/adiosamoresperros.org\/ca\/wp-json\/wp\/v2\/comments?post=758"}],"version-history":[{"count":87,"href":"https:\/\/adiosamoresperros.org\/ca\/wp-json\/wp\/v2\/pages\/758\/revisions"}],"predecessor-version":[{"id":1407,"href":"https:\/\/adiosamoresperros.org\/ca\/wp-json\/wp\/v2\/pages\/758\/revisions\/1407"}],"wp:featuredmedia":[{"embeddable":true,"href":"https:\/\/adiosamoresperros.org\/ca\/wp-json\/wp\/v2\/media\/398"}],"wp:attachment":[{"href":"https:\/\/adiosamoresperros.org\/ca\/wp-json\/wp\/v2\/media?parent=758"}],"curies":[{"name":"wp","href":"https:\/\/api.w.org\/{rel}","templated":true}]}}