{"id":3,"date":"2019-01-28T15:10:50","date_gmt":"2019-01-28T15:10:50","guid":{"rendered":"http:\/\/adiosamoresperros.org\/?page_id=3"},"modified":"2022-02-09T15:35:22","modified_gmt":"2022-02-09T15:35:22","slug":"politica-privacidad","status":"publish","type":"page","link":"https:\/\/adiosamoresperros.org\/ca\/politica-privacidad\/","title":{"rendered":"Pol\u00edtica de Privacidad"},"content":{"rendered":"<p>Esta pol\u00edtica de privacidad establece la forma en que gestionaremos tus datos personales en nuestra p\u00e1gina web, en el supuesto de que nos las facilites.<br>Recuerda que es imprescindible que LEAS la misma y marques la casilla correspondiente donde nos des el consentimiento para recoger y tratar tus datos, antes de facilit\u00e1rnoslas a trav\u00e9s de nuestros formularios (de contacto y de suscripci\u00f3n a nuestro bolet\u00edn trimestral sobre nuestras novedades en actividades y recursos).<\/p>\n\n\n\n<p>https:\/\/adiosamoresperros.org pertenece a Beatriz Villanueva Mart\u00edn 71276830Z y Laura Poch Riquer con DNI 46873150R con domicilio a Barcelona, C\/ Ciutat de Granada 13.<\/p>\n\n\n\n<p>Esta pol\u00edtica de privacidad ha sido actualizada por \u00faltima vez en fecha 22 de diciembre de 2021. Seg\u00fan el Reglamento (UE) 2016\/679 del Parlamento y del Consejo Europeo, de 27 de abril de 2016 relativo a la protecci\u00f3\u0144 de las personas f\u00edsicas en relaci\u00f3n al tratamiento de datos personales y a la libre circulaci\u00f3n de estos datos.<\/p>\n\n\n\n<p><strong><u>Te damos la bienvenida a nuestra web y agradecemos que contin\u00faes leyendo.<\/u><\/strong><\/p>\n\n\n\n<p>En este web (https:\/\/adiosamoresperros.org ) asumimos un compromiso permanente con la privacidad de los datos personales y garantizamos que:<\/p>\n\n\n\n<p>\u2022 Son tratadas de manera <strong>l\u00edcita, leal y transparente<\/strong> en relaci\u00f3n a la persona interesada.<\/p>\n\n\n\n<p>\u2022 Son <strong>adecuadas, pertinentes<\/strong> y <strong>limitadas<\/strong> a aquello necesario en relaci\u00f3n a los fines para los que son pedidas y tratadas.<\/p>\n\n\n\n<p>\u2022 Solo se mantendr\u00e1n durante el <strong>tiempo necesario<\/strong> por los fines explicitados.<\/p>\n\n\n\n<p>\u2022 Su recogida, almacenamiento y tratamiento es <strong>seguro<\/strong>.<\/p>\n\n\n\n<p><strong>Nos oponemos al env\u00edo de correos electr\u00f3nicos no solicitados (spam)<\/strong>, poniendo todos nuestros esfuerzos para impedir el uso indebido del correo electr\u00f3nico.<\/p>\n\n\n\n<p>Tambi\u00e9n te informamos que <strong>no compartiremos tus datos personales<\/strong>, obtenidas a trav\u00e9s de los formularios espec\u00edficos de esta web, ni cederemos a terceras personas las mismas, salvo que hayas sido previamente informada y contemos con tu autorizaci\u00f3n expr\u00e9s o en caso de obligaci\u00f3n legal.<\/p>\n\n\n\n<p>La plataforma puede contener enlaces con p\u00e1ginas web de terceras personas; en este caso NO NOS HACEMOS RESPONSABLES de las pr\u00e1cticas de protecci\u00f3n de datos ni del contenido de las p\u00e1ginas enlazadas. Por lo tanto, conviene que leas detenidamente las pol\u00edticas de privacidad de cada p\u00e1gina web previamente a aceptar las condiciones y proceder a su uso.<\/p>\n\n\n\n<p>Nuestra web se encuentra alojada en la plataforma de la organizaci\u00f3n wordpress.com y es la Escuela Adi\u00f3s Amores la encargada del tratamiento de los datos de las personas que navegan en nuestra web. Estas quedan incorporadas y son tratadas con el fin de prestar los servicios solicitados en cada caso, a trav\u00e9s de los siguientes canales:<\/p>\n\n\n\n<p>\u2022 El <strong>formulario de contacto<\/strong>, para ponerse en contacto con nosotras.<\/p>\n\n\n\n<p>\u2022 <strong>Suscripci\u00f3n a nuestro bolet\u00edn trimestral<\/strong>, para recibir informaci\u00f3n sobre nuestras novedades en actividades y recursos. Mediante la plataforma de automatizaci\u00f3n de marketing \u201cMailchimp\u201d. La cual s\u00f3lo puede acceder a los datos de las personas que navegan en nuestra web, por y en nombre de la Escuela Adi\u00f3s Amores Perros, en beneficio y bajo nuestra direcci\u00f3n. De forma que por tales fines, \u201cMailchimp\u201d se considerar\u00e1 \u201cProcesadora\u201d y la Escuela Adi\u00f3s Amores Perros \u201cControladora\u201d de los datos personales recogidos en esta plataforma. Ambas son responsables de cumplir el Reglamento (UE) 2016\/679 de 27 de abril de 2016 (GDPR).<\/p>\n\n\n\n<p>Para cualquier solicitud o pregunta relacionada con tus datos, ponte en contacto con nosotrAs a trav\u00e9s del correo: hola@adiosamoresperros.org o a los tel\u00e9fonos +34 622 645 461 | 636 193 683<\/p>\n\n\n\n<p><strong><u>M\u00e1xima transparencia con vosotras<\/u><\/strong><\/p>\n\n\n\n<p>A los efectos de lo previsto en el Reglamento (UE) 2016\/679 de 27 de abril de 2016 (GDPR) procedemos a informarte, de forma clara y transparente, de los datos del responsable de este web:<\/p>\n\n\n\n<ul><li>https:\/\/adiosamoresperros.org pertany a Beatriz Villanueva Mart\u00edn 71276830Z y Laura Poch Riquer amb DNI 46873150R con domicilio a Barcelona, C\/ Ciutat de Granada 13.<\/li><li>Finalitat: coaching para mejorar las relaciones<\/li><\/ul>\n\n\n\n<p><strong><u>Recogida y Registro de Datos de Car\u00e1cter Personal.<\/u><\/strong><\/p>\n\n\n\n<p>Facilitar los datos de car\u00e1cter personal es obligatorio para las personas o entidades que quieran contactar con nosotras o subscribirse a nuestro bolet\u00edn trimestral para recibir informaci\u00f3n por correo electr\u00f3nico de nuestras novedades en actividades y recursos.<\/p>\n\n\n\n<p><strong><u>Supuestos en que esta web requiere datos personales:<\/u><\/strong><\/p>\n\n\n\n<p>Tales como nombre (obligatorio), apellidos, g\u00e9nero, correo electr\u00f3nico (obligatorio) y tel\u00e9fono.<\/p>\n\n\n\n<p>\u2022 Para hacer la suscripci\u00f3n a nuestro bolet\u00edn trimestral<\/p>\n\n\n\n<p>\u2022 Para hacer consultas a trav\u00e9s del formulario de contacto.<\/p>\n\n\n\n<p>\u2022 Para solicitar cualquiera de los servicios y\/o productos que ofrecemos (mediante el formulario de contacto).<\/p>\n\n\n\n<p><strong>La informaci\u00f3n personal se podr\u00e1 usar por las finalidades relacionadas, siempre y cuando se obtenga el consentimiento pertinente de forma expr\u00e9s. El procedimiento consiste al marcar las casillas correspondientes incluidas en los apartados de contacto y de suscripci\u00f3n al bolet\u00edn.<\/strong><\/p>\n\n\n\n<ol type=\"1\"><li>Para promocionar los servicios de la Escuela Adi\u00f3s Amores Perros: por ejemplo, si dejas tu informaci\u00f3n personal en alguno de los formularios de contacto, la Escuela Adi\u00f3s Amores Perros puede usar estos datos para enviarte informaci\u00f3n sobre sus servicios -en el supuesto de que esta informaci\u00f3n sea solicitada.<\/li><li>Para gestionar la lista de suscripciones, enviar boletines, informaciones y ofertas especiales.<\/li><li>Para garantizar el cumplimiento de las condiciones de uso y la ley aplicable. Esta cuesti\u00f3n puede incluir el desarrollo de herramientas y algoritmos que ayuden en la web a garantizar la confidencialidad de los datos personales que recoge.<\/li><li>Para establecer comunicaci\u00f3n con las personas subscriptoras.<\/li><li>En cada una de las diferentes situaciones, cada titular de los datos personales tiene derechos sobre estas y sobre el uso de las mismas, como recoge el Reglamento (UE) 2016\/679 de 27 de abril de 2016 (GDPR) y podr\u00e1 ejercer los derechos de acceso, cancelaci\u00f3n, rectificaci\u00f3n, limitaci\u00f3n de su tratamiento, oposici\u00f3n, olvido y portabilidad de los datos. Contactando con nosotros a trav\u00e9s del correo electr\u00f3nico: hola@adiosamoresperros.org . Adem\u00e1s de tener derecho a presentar la pertinente reclamaci\u00f3n en caso de ilicitud ante la autoridad de control correspondiente, que es la Agencia Espa\u00f1ola de Protecci\u00f3n de Datos (AEPD).<\/li><li>En ning\u00fan caso cederemos tus datos a terceros sin previa informaci\u00f3n y solicitud expr\u00e9s de tu consentimiento.<\/li><li>Los datos personales se mantendr\u00e1n siempre y cuando haya inter\u00e9s por parte de la persona interesada y no ejerza sus derechos de cancelaci\u00f3n.<\/li><\/ol>\n\n\n\n<p><strong><u>Servicios ofrecidos por terceras en nuestra web.<\/u><\/strong><\/p>\n\n\n\n<p>Para proporcionar servicios estrictamente necesarios por el desarrollo de nuestra actividad web, compartimos datos con los siguientes prestamistas bajo sus correspondientes condiciones de privacidad. Han sido seleccionados atendiendo al cumplimiento Reglamento (UE) 2016\/679 de 27 de abril de 2016 (GDPR).<\/p>\n\n\n\n<p>Las siguientes empresas tendr\u00e1n acceso a la informaci\u00f3n personal necesaria para la realizaci\u00f3n de sus funciones, si bien NO PODR\u00c1N UTILIZARLA POR OTRAS FINALIDADES. Igualmente tendr\u00e1n que tratar la informaci\u00f3n personal en conformidad con este Aviso de Privacidad y la legislaci\u00f3n aplicable en materia de protecci\u00f3n de datos.<\/p>\n\n\n\n<p>\u2022 <strong>Hosting<\/strong>: alojado a Wix.com, solo puede acceder a los datos de las personas que naveguen por la web por y en nombre de la Escuela Adi\u00f3s Amores Perros en beneficio y bajo nuestra direcci\u00f3n. De forma que por tales fines, Wix se considerar\u00e1 como un \u201cProcesador\u201d y no \u201cControlador\u201d de la informaci\u00f3n de las personas que navegan en la web.<\/p>\n\n\n\n<p>\u2022 <strong>Servicios de mensajer\u00eda y env\u00edo de boletines:<\/strong> Mailchimp de la empresa The Rocket Science Group LLC d\/b\/a MailChimp, a State of Georgia limited liability compa\u00f1ero. Esta empresa se encuentra ubicada en los Estados Unidos de Am\u00e9rica. Recientemente ha firmado un Convenio entre la UE y los EE. UU. bajo el nombre Privacy Shield (escudo de privacidad entre la UE\u2013EE. UU.) y todas las empresas bajo este Convenio tienen una protecci\u00f3n adecuada, motivo por el que se encuentra permitida la transferencia internacional de datos. Mailchimp est\u00e1 acogida a este convenio, por lo tanto cumple las medidas de seguridad impuestas por la legislaci\u00f3n europea. As\u00ed, al subscribirse a nuestros boletines la persona subscriptora es consciente y acepta que sus datos personales sean almacenadas por Mailchimp, por la suscripci\u00f3n y el env\u00edo de boletines electr\u00f3nicos.<\/p>\n\n\n\n<p><strong><u>Sistemas de captura de datos personales que recoge nuestro web<\/u><\/strong>.<\/p>\n\n\n\n<p>Nuestro web utiliza diferentes sistemas de captura de informaci\u00f3n personal, requiriendo siempre tu consentimiento previo para tratar los datos personales de acuerdo con las finalidades indicadas.<\/p>\n\n\n\n<p>Recuerda que tienes derecho a revocar tu consentimiento previo as\u00ed como ejercer los derechos de acceso, supresi\u00f3n, rectificaci\u00f3n, limitaci\u00f3n de su tratamiento, oposici\u00f3n y portabilidad de los datos en el momento en que as\u00ed lo consideres necesario, por correo electr\u00f3nico a: <a href=\"mailto:hola@adiosamoresperros.org\">hola@adiosamoresperros.org<\/a><\/p>\n\n\n\n<p><strong><u>Sistemas de captura de informaci\u00f3n personal que utilizamos:<\/u><\/strong><\/p>\n\n\n\n<p>Formularios de suscripci\u00f3n al bolet\u00edn: Dentro de la web existe un formulario para activar la suscripci\u00f3n. Si utilizas filtros de spam, por favor, a\u00f1ade nuestro servicio de correo electr\u00f3nico a la direcci\u00f3n de tu lista de remitentes permitidos. En todos los casos, verificaremos tu direcci\u00f3n de correo electr\u00f3nico a trav\u00e9s de un sistema de verificaci\u00f3n de la plataforma Mailchimp.<\/p>\n\n\n\n<p>Busca en la bandeja de entrada de tu correo: recibir\u00e1s un mensaje enviado desde la direcci\u00f3n con el asunto \u201cCONTACTO &gt; Escuela Adi\u00f3s Amores Perros\u201d. Tendr\u00e1s que confirmar la suscripci\u00f3n para que podamos validar tu direcci\u00f3n de correo electr\u00f3nico y confirmar que das tu consentimiento expl\u00edcito por el tratamiento de tus datos personales.<\/p>\n\n\n\n<p>Utilizaremos los datos facilitados para enviarte nuestro bolet\u00edn. La Escuela Adi\u00f3s Amores Perros no almacena las direcciones de correo que no hayan sido verificadas. Los boletines est\u00e1n gestionados mediante la herramienta de mail marketing Mailchimp.<\/p>\n\n\n\n<p>Formulario de contacto: Tambi\u00e9n existe un formulario de contacto por consultas, sugerencias o contacto profesional. En este caso se utilizar\u00e1 la direcci\u00f3n de correo electr\u00f3nico para responder a las mismas y enviar la informaci\u00f3n que la persona requiera a trav\u00e9s de la web.<\/p>\n\n\n\n<p>Pod\u00e9is cursar la baja, en cualquier momento, de todos aquellos servicios prestados por la Escuela Adi\u00f3s Amores Perros a trav\u00e9s de los boletines; en los correos recibidos de newsletters podr\u00e9is encontrar la opci\u00f3n de cancelar la suscripci\u00f3n o sino enviadnos un correo a hola@adiosamoresperros.org<\/p>\n\n\n\n<p>Al activar una suscripci\u00f3n, entiendes que:<\/p>\n\n\n\n<p>\u2022 Desde el momento en que efect\u00faas la suscripci\u00f3n, adiosamoresperros.org tiene acceso a: Nombre y correo electr\u00f3nico; y si as\u00ed lo has facilitado: apellidos, tel\u00e9fono y g\u00e9nero.<\/p>\n\n\n\n<p>\u2022 Garantizas que los datos personales facilitados a trav\u00e9s de los diferentes formularios son reales, quedando obligada a comunicar cualquier modificaci\u00f3n de las mismas. Igualmente, garantizas que toda la informaci\u00f3n facilitada corresponde con tu situaci\u00f3n real, que se encuentra actualizada y es exacta. Igualmente, te pedimos que mantengas tus datos actualizados y nos comuniques cualquier cambio en estas.<\/p>\n\n\n\n<p><strong>Ejercicio de los derechos de acceso, rectificaci\u00f3n, cancelaci\u00f3n, olvido, limitaci\u00f3n de su tratamiento, oposici\u00f3n y derecho a la portabilidad de los datos.<\/strong><\/p>\n\n\n\n<p>Puedes dirigir tus comunicaciones y ejercitar tus derechos siguiendo las formalidades impuestas por Reglamento de Desarrollo y los derechos derivados del Reglamento (UE) 2016\/679 de 27 de abril de 2016 (GDPR).<\/p>\n\n\n\n<p>As\u00ed mismo, puedes hacer llegar tu solicitud escrita y firmada que contengan los siguientes datos: nombre y apellidos, domicilio a efectos de notificaciones, junto con prueba v\u00e1lida en derecho como una fotocopia de tu DNI o equivalente y la petici\u00f3n en que se concrete tu solicitud. El escrito es necesario que lo dirijas al siguiente mail: hola@adiosamoresperros.org<\/p>\n\n\n\n<p>Si consideras que nuestro tratamiento de los datos personales no se adecua al Reglamento (UE) 2016\/679 de 27 de abril de 2016 (GDPR), por favor, comun\u00edcanoslo. Y\/o puedes presentar una reclamaci\u00f3n en caso de ilicitud ante la autoridad de control correspondiente, que es la Agencia Espa\u00f1ola de Protecci\u00f3n de Datos (AEPD).<\/p>\n\n\n\n<p><strong><u>Aceptaci\u00f3n y consentimiento.<\/u><\/strong><\/p>\n\n\n\n<p>Al facilitarnos tus datos y dando el consentimiento al marcar la correspondiente casilla ya sea al formulario de contacto o al de suscripci\u00f3n al bolet\u00edn, declaras haber sido informada de las condiciones sobre Protecci\u00f3n de Datos de Car\u00e1cter Personal, aceptando y consintiendo el tratamiento de las mismas por parte de la Escuela Adi\u00f3s Amores Perros, en la forma y para las finalidades indicadas en la presente pol\u00edtica de privacidad.<\/p>\n\n\n\n<p><strong><u>Cambios en la presente pol\u00edtica de privacidad.<\/u><\/strong><\/p>\n\n\n\n<p>Escuela Adi\u00f3s Amores Perros se reserva el derecho a modificar la presente pol\u00edtica para adaptarla a novedades legislativas o jurisprudenciales as\u00ed como a pr\u00e1cticas de la industria. En estos supuestos, anunciaremos en este web, de los cambios introducidos con razonable antelaci\u00f3n a su puesta en pr\u00e1ctica.<\/p>\n\n\n\n<p><strong><u>Correos comerciales.<\/u><\/strong><\/p>\n\n\n\n<p>En conformidad con la LSSICE, Escuela Adi\u00f3s Amores Perros no hace pr\u00e1cticas de SPAM, motivo por el cual no env\u00eda correos comerciales por v\u00eda electr\u00f3nica que no hayan sido previamente solicitados o autorizados por la persona usuaria.<\/p>\n\n\n\n<p>En consecuencia, en cada uno de los formularios del web, tienes la posibilidad de prestar tu consentimiento expreso para recibir la \u201cNewsletter\u201d o boletines, con independencia de la informaci\u00f3n comercial puntualmente solicitada.<\/p>\n\n\n\n<p><strong>De parte del equipo de la Escuela Adi\u00f3s, Amores Perros te agradecemos el tiempo dedicado a leer esta pol\u00edtica de privacidad.<\/strong><\/p>\n\n\n\n<p><\/p>","protected":false},"excerpt":{"rendered":"<p>Esta pol\u00edtica de privacidad establece la forma en que gestionaremos tus datos personales en nuestra p\u00e1gina web, en el supuesto de que nos las facilites.Recuerda que es imprescindible que LEAS la misma y marques la casilla correspondiente donde nos des el consentimiento para recoger y tratar tus datos, antes de facilit\u00e1rnoslas a trav\u00e9s de nuestros formularios (de contacto y de [&hellip;]<\/p>","protected":false},"author":1,"featured_media":0,"parent":0,"menu_order":0,"comment_status":"closed","ping_status":"open","template":"","meta":{"_coblocks_attr":"","_coblocks_dimensions":"","_coblocks_responsive_height":"","_coblocks_accordion_ie_support":"","_uag_custom_page_level_css":""},"featured_image_src":null,"featured_image_src_square":null,"uagb_featured_image_src":{"full":false,"thumbnail":false,"medium":false,"medium_large":false,"large":false,"1536x1536":false,"2048x2048":false,"trp-custom-language-flag":false,"ab-block-post-grid-landscape":false,"ab-block-post-grid-square":false,"sensible-wp-home-blog":false,"woocommerce_thumbnail":false,"woocommerce_single":false,"woocommerce_gallery_thumbnail":false},"uagb_author_info":{"display_name":"adiosamoresperro","author_link":"https:\/\/adiosamoresperros.org\/ca\/author\/adiosamoresperro\/"},"uagb_comment_info":0,"uagb_excerpt":"Esta pol\u00edtica de privacidad establece la forma en que gestionaremos tus datos personales en nuestra p\u00e1gina web, en el supuesto de que nos las facilites.Recuerda que es imprescindible que LEAS la misma y marques la casilla correspondiente donde nos des el consentimiento para recoger y tratar tus datos, antes de facilit\u00e1rnoslas a trav\u00e9s de nuestros&hellip;","_links":{"self":[{"href":"https:\/\/adiosamoresperros.org\/ca\/wp-json\/wp\/v2\/pages\/3"}],"collection":[{"href":"https:\/\/adiosamoresperros.org\/ca\/wp-json\/wp\/v2\/pages"}],"about":[{"href":"https:\/\/adiosamoresperros.org\/ca\/wp-json\/wp\/v2\/types\/page"}],"author":[{"embeddable":true,"href":"https:\/\/adiosamoresperros.org\/ca\/wp-json\/wp\/v2\/users\/1"}],"replies":[{"embeddable":true,"href":"https:\/\/adiosamoresperros.org\/ca\/wp-json\/wp\/v2\/comments?post=3"}],"version-history":[{"count":2,"href":"https:\/\/adiosamoresperros.org\/ca\/wp-json\/wp\/v2\/pages\/3\/revisions"}],"predecessor-version":[{"id":2898,"href":"https:\/\/adiosamoresperros.org\/ca\/wp-json\/wp\/v2\/pages\/3\/revisions\/2898"}],"wp:attachment":[{"href":"https:\/\/adiosamoresperros.org\/ca\/wp-json\/wp\/v2\/media?parent=3"}],"curies":[{"name":"wp","href":"https:\/\/api.w.org\/{rel}","templated":true}]}}