{"id":2431,"date":"2021-12-18T09:33:29","date_gmt":"2021-12-18T09:33:29","guid":{"rendered":"https:\/\/adiosamoresperros.org\/?page_id=2431"},"modified":"2021-12-21T07:12:55","modified_gmt":"2021-12-21T07:12:55","slug":"suscripcion-a-nuestra-newsletter-con-regalo","status":"publish","type":"page","link":"https:\/\/adiosamoresperros.org\/ca\/suscripcion-a-nuestra-newsletter-con-regalo\/","title":{"rendered":"Suscripci\u00f3n a nuestra Newsletter con regalo"},"content":{"rendered":"<div style=\"height:50px\" aria-hidden=\"true\" class=\"wp-block-spacer\"><\/div>\n\n\n\n<h2 class=\"has-text-align-center wp-block-heading\"><strong>Sanar las heridas de confianza<\/strong><\/h2>\n\n\n\n<div style=\"height:20px\" aria-hidden=\"true\" class=\"wp-block-spacer\"><\/div>\n\n\n\n<h5 class=\"has-text-align-center wp-block-heading\">Encontrarse con la doble cara de otra persona es un impacto profundo que, por lo general, no sana solo. Necesitamos cuidarnos ah\u00ed, reflexionar, sentirnos apoyadas.<\/h5>\n\n\n\n<h5 class=\"has-text-align-center wp-block-heading\">Sabemos lo duro que es vivir una traici\u00f3n, tambi\u00e9n sabemos que eso puede sanar.<\/h5>\n\n\n\n<div style=\"height:50px\" aria-hidden=\"true\" class=\"wp-block-spacer\"><\/div>\n\n\n\n<div class=\"wp-block-columns has-background is-layout-flex wp-container-3\" style=\"background-color:#f2f2f2\">\n<div class=\"wp-block-column is-layout-flow\" style=\"flex-basis:33.33%\">\n<div style=\"height:50px\" aria-hidden=\"true\" class=\"wp-block-spacer\"><\/div>\n\n\n\n<div class=\"wp-block-image\"><figure class=\"aligncenter size-full\"><img decoding=\"async\" loading=\"lazy\" width=\"795\" height=\"841\" src=\"https:\/\/adiosamoresperros.org\/wp-content\/uploads\/2021\/12\/chica-sola.png\" alt=\"\" class=\"wp-image-2513\" srcset=\"https:\/\/adiosamoresperros.org\/wp-content\/uploads\/2021\/12\/chica-sola.png 795w, https:\/\/adiosamoresperros.org\/wp-content\/uploads\/2021\/12\/chica-sola-600x635.png 600w, https:\/\/adiosamoresperros.org\/wp-content\/uploads\/2021\/12\/chica-sola-284x300.png 284w, https:\/\/adiosamoresperros.org\/wp-content\/uploads\/2021\/12\/chica-sola-768x812.png 768w\" sizes=\"(max-width: 795px) 100vw, 795px\" \/><\/figure><\/div>\n<\/div>\n\n\n\n<div class=\"wp-block-column has-background is-layout-flow\" style=\"background-color:#f2f2f2;flex-basis:66.66%\">\n<div style=\"height:50px\" aria-hidden=\"true\" class=\"wp-block-spacer\"><\/div>\n\n\n\n<h5 class=\"has-text-align-center wp-block-heading\"><strong>Suscr\u00edbete a nuestra newsletter y recibe de inmediato nuestra p\u00edldora \u00abSanar las heridas de confianza\u00bb.<\/strong><\/h5>\n\n\n\n<div style=\"height:30px\" aria-hidden=\"true\" class=\"wp-block-spacer\"><\/div>\n\n\n<script>(function() {\n\twindow.mc4wp = window.mc4wp || {\n\t\tlisteners: [],\n\t\tforms: {\n\t\t\ton: function(evt, cb) {\n\t\t\t\twindow.mc4wp.listeners.push(\n\t\t\t\t\t{\n\t\t\t\t\t\tevent   : evt,\n\t\t\t\t\t\tcallback: cb\n\t\t\t\t\t}\n\t\t\t\t);\n\t\t\t}\n\t\t}\n\t}\n})();\n<\/script><!-- Mailchimp for WordPress v4.10.0 - https:\/\/wordpress.org\/plugins\/mailchimp-for-wp\/ --><form id=\"mc4wp-form-1\" class=\"mc4wp-form mc4wp-form-1869\" method=\"post\" data-id=\"1869\" data-name=\"Formulario suscripci\u00f3n Escuela &quot;ADI\u00d3S, AMORES PERROS&quot;\" action=\"\" ><div class=\"mc4wp-form-fields\"><p>\r\n    <label>Nombre<\/label>\r\n    <input type=\"text\" name=\"FNAME\" required=\"required\">\r\n\r\n    <label>E-mail<\/label>\r\n    <input type=\"email\" name=\"EMAIL\" required=\"required\">\r\n\t<br><br>\r\n<\/p>\r\n\r\n\r\n<p>\r\n\tIdioma para las comunicaciones (language):<br>\r\n    <label>\r\n        <input name=\"MC_LANGUAGE\" type=\"radio\" value=\"ca_ES\" required> <span>Catal\u00e0<\/span>\r\n    <\/label>\r\n    &nbsp; &nbsp; &nbsp; \r\n    <label>\r\n        <input name=\"MC_LANGUAGE\" type=\"radio\" value=\"es_ES\" required> <span>Castellano<\/span>\r\n    <\/label>\r\n<\/p>\r\n \r\n\r\n  <p>\r\n   <label>\r\n        <input name=\"AGREE_TO_TERMS\" type=\"checkbox\" value=\"1\" required=\"\"> He le\u00eddo y acepto <a href=\"https:\/\/adiosamoresperros.org\/ca\/politica-privacidad\/\" target=\"_blank\">los t\u00e9rminos y condiciones<\/a>\r\n    <\/label>\r\n  <p>\r\n <p> \r\n  <input type=\"submit\" value=\"Quiero suscribirme\">\r\n<\/p>\r\n<\/div><label style=\"display: none !important;\">Leave this field empty if you're human: <input type=\"text\" name=\"_mc4wp_honeypot\" value=\"\" tabindex=\"-1\" autocomplete=\"off\" \/><\/label><input type=\"hidden\" name=\"_mc4wp_timestamp\" value=\"1776156271\" \/><input type=\"hidden\" name=\"_mc4wp_form_id\" value=\"1869\" \/><input type=\"hidden\" name=\"_mc4wp_form_element_id\" value=\"mc4wp-form-1\" \/><div class=\"mc4wp-response\"><\/div><input type=\"hidden\" name=\"trp-form-language\" value=\"ca\"\/><\/form><!-- \/ Mailchimp for WordPress Plugin -->\n\n\n\n<div style=\"height:50px\" aria-hidden=\"true\" class=\"wp-block-spacer\"><\/div>\n<\/div>\n<\/div>\n\n\n\n<div style=\"height:50px\" aria-hidden=\"true\" class=\"wp-block-spacer\"><\/div>\n\n\n\n<p><strong>Para nosotras son sagrados tu tiempo y tu privacidad, as\u00ed que no te atosigaremos con correos. <strong>S\u00f3lo apareceremos<\/strong> <strong>cuando tengamos contenidos que te aporten valor.<\/strong><\/strong><\/p>\n\n\n\n<p>Consentimiento legal: De conformidad con el Reglamento (UE) 2016\/679 de 27 de abril de 2016 (GDPR), tus datos personales ser\u00e1n tratados bajo responsabilidad de la ESCUELA ADI\u00d3S, AMORES PERROS para enviarte nuestro bolet\u00edn e informarte sobre nuestras actividades y proyectos. Mediante esta suscripci\u00f3n nos das el consentimiento de recibir y usar tus datos para los fines anteriormente expuestos. Se conservar\u00e1n mientras haya un inter\u00e9s mutuo y los datos no ser\u00e1n comunicados a terceras personas, salvo obligaci\u00f3n legal. Puedes ejercer los derechos de acceso, rectificaci\u00f3n, oposici\u00f3n y supresi\u00f3n de sus datos en todo momento enviando un mensaje al correo electr\u00f3nico a hola@adiosamoresperros.org. Si consideras que el tratamiento no se ajusta a la normativa vigente, podr\u00e1s presentar una reclamaci\u00f3n ante el autoridad de control en&nbsp;<a href=\"http:\/\/www.agpd.es\/\">www.agpd.es<\/a><\/p>\n\n\n\n<div class=\"wp-block-columns is-layout-flex wp-container-4\"><\/div>\n\n\n\n<p><\/p>\n\n\n\n<div style=\"height:30px\" aria-hidden=\"true\" class=\"wp-block-spacer\"><\/div>\n\n\n\n<p><\/p>","protected":false},"excerpt":{"rendered":"<p>Sanar las heridas de confianza Encontrarse con la doble cara de otra persona es un impacto profundo que, por lo general, no sana solo. Necesitamos cuidarnos ah\u00ed, reflexionar, sentirnos apoyadas. Sabemos lo duro que es vivir una traici\u00f3n, tambi\u00e9n sabemos que eso puede sanar. Suscr\u00edbete a nuestra newsletter y recibe de inmediato nuestra p\u00edldora \u00abSanar las heridas de confianza\u00bb. Para [&hellip;]<\/p>","protected":false},"author":1,"featured_media":403,"parent":0,"menu_order":0,"comment_status":"closed","ping_status":"closed","template":"page-fullwidth.php","meta":{"_coblocks_attr":"","_coblocks_dimensions":"","_coblocks_responsive_height":"","_coblocks_accordion_ie_support":"","_uag_custom_page_level_css":""},"featured_image_src":"https:\/\/adiosamoresperros.org\/wp-content\/uploads\/2019\/02\/cabecera4-1.jpg","featured_image_src_square":"https:\/\/adiosamoresperros.org\/wp-content\/uploads\/2019\/02\/cabecera4-1.jpg","uagb_featured_image_src":{"full":["https:\/\/adiosamoresperros.org\/wp-content\/uploads\/2019\/02\/cabecera4-1.jpg",1800,822,false],"thumbnail":["https:\/\/adiosamoresperros.org\/wp-content\/uploads\/2019\/02\/cabecera4-1-150x150.jpg",150,150,true],"medium":["https:\/\/adiosamoresperros.org\/wp-content\/uploads\/2019\/02\/cabecera4-1-300x137.jpg",300,137,true],"medium_large":["https:\/\/adiosamoresperros.org\/wp-content\/uploads\/2019\/02\/cabecera4-1-768x351.jpg",640,293,true],"large":["https:\/\/adiosamoresperros.org\/wp-content\/uploads\/2019\/02\/cabecera4-1-1024x468.jpg",640,293,true],"1536x1536":["https:\/\/adiosamoresperros.org\/wp-content\/uploads\/2019\/02\/cabecera4-1.jpg",1536,701,false],"2048x2048":["https:\/\/adiosamoresperros.org\/wp-content\/uploads\/2019\/02\/cabecera4-1.jpg",1800,822,false],"trp-custom-language-flag":["https:\/\/adiosamoresperros.org\/wp-content\/uploads\/2019\/02\/cabecera4-1.jpg",18,8,false],"ab-block-post-grid-landscape":["https:\/\/adiosamoresperros.org\/wp-content\/uploads\/2019\/02\/cabecera4-1.jpg",600,274,false],"ab-block-post-grid-square":["https:\/\/adiosamoresperros.org\/wp-content\/uploads\/2019\/02\/cabecera4-1.jpg",600,274,false],"sensible-wp-home-blog":["https:\/\/adiosamoresperros.org\/wp-content\/uploads\/2019\/02\/cabecera4-1-400x250.jpg",400,250,true],"woocommerce_thumbnail":["https:\/\/adiosamoresperros.org\/wp-content\/uploads\/2019\/02\/cabecera4-1-300x300.jpg",300,300,true],"woocommerce_single":["https:\/\/adiosamoresperros.org\/wp-content\/uploads\/2019\/02\/cabecera4-1-600x274.jpg",600,274,true],"woocommerce_gallery_thumbnail":["https:\/\/adiosamoresperros.org\/wp-content\/uploads\/2019\/02\/cabecera4-1-100x100.jpg",100,100,true]},"uagb_author_info":{"display_name":"adiosamoresperro","author_link":"https:\/\/adiosamoresperros.org\/ca\/author\/adiosamoresperro\/"},"uagb_comment_info":0,"uagb_excerpt":"Sanar las heridas de confianza Encontrarse con la doble cara de otra persona es un impacto profundo que, por lo general, no sana solo. Necesitamos cuidarnos ah\u00ed, reflexionar, sentirnos apoyadas. Sabemos lo duro que es vivir una traici\u00f3n, tambi\u00e9n sabemos que eso puede sanar. Suscr\u00edbete a nuestra newsletter y recibe de inmediato nuestra p\u00edldora \u00abSanar&hellip;","_links":{"self":[{"href":"https:\/\/adiosamoresperros.org\/ca\/wp-json\/wp\/v2\/pages\/2431"}],"collection":[{"href":"https:\/\/adiosamoresperros.org\/ca\/wp-json\/wp\/v2\/pages"}],"about":[{"href":"https:\/\/adiosamoresperros.org\/ca\/wp-json\/wp\/v2\/types\/page"}],"author":[{"embeddable":true,"href":"https:\/\/adiosamoresperros.org\/ca\/wp-json\/wp\/v2\/users\/1"}],"replies":[{"embeddable":true,"href":"https:\/\/adiosamoresperros.org\/ca\/wp-json\/wp\/v2\/comments?post=2431"}],"version-history":[{"count":37,"href":"https:\/\/adiosamoresperros.org\/ca\/wp-json\/wp\/v2\/pages\/2431\/revisions"}],"predecessor-version":[{"id":2520,"href":"https:\/\/adiosamoresperros.org\/ca\/wp-json\/wp\/v2\/pages\/2431\/revisions\/2520"}],"wp:featuredmedia":[{"embeddable":true,"href":"https:\/\/adiosamoresperros.org\/ca\/wp-json\/wp\/v2\/media\/403"}],"wp:attachment":[{"href":"https:\/\/adiosamoresperros.org\/ca\/wp-json\/wp\/v2\/media?parent=2431"}],"curies":[{"name":"wp","href":"https:\/\/api.w.org\/{rel}","templated":true}]}}