{"id":1885,"date":"2020-12-18T13:54:43","date_gmt":"2020-12-18T13:54:43","guid":{"rendered":"https:\/\/adiosamoresperros.org\/?page_id=1885"},"modified":"2021-12-16T17:50:05","modified_gmt":"2021-12-16T17:50:05","slug":"newsletter","status":"publish","type":"page","link":"https:\/\/adiosamoresperros.org\/ca\/newsletter\/","title":{"rendered":"Suscripci\u00f3n a nuestra Newsletter"},"content":{"rendered":"<div style=\"height:50px\" aria-hidden=\"true\" class=\"wp-block-spacer\"><\/div>\n\n\n\n<h2 class=\"has-text-align-center wp-block-heading\"><strong>Rellena por favor los siguientes campos para recibir nuestras novedades, recursos gratuitos y descuentos. <\/strong><\/h2>\n\n\n\n<div style=\"height:20px\" aria-hidden=\"true\" class=\"wp-block-spacer\"><\/div>\n\n\n\n<h5 class=\"has-text-align-center wp-block-heading\">Amores sanos, disfrutones, igualitarios.<\/h5>\n\n\n\n<h5 class=\"has-text-align-center wp-block-heading\">Hay otros amores posibles. Tambi\u00e9n para ti.<\/h5>\n\n\n\n<div style=\"height:50px\" aria-hidden=\"true\" class=\"wp-block-spacer\"><\/div>\n\n\n<script>(function() {\n\twindow.mc4wp = window.mc4wp || {\n\t\tlisteners: [],\n\t\tforms: {\n\t\t\ton: function(evt, cb) {\n\t\t\t\twindow.mc4wp.listeners.push(\n\t\t\t\t\t{\n\t\t\t\t\t\tevent   : evt,\n\t\t\t\t\t\tcallback: cb\n\t\t\t\t\t}\n\t\t\t\t);\n\t\t\t}\n\t\t}\n\t}\n})();\n<\/script><!-- Mailchimp for WordPress v4.10.0 - https:\/\/wordpress.org\/plugins\/mailchimp-for-wp\/ --><form id=\"mc4wp-form-1\" class=\"mc4wp-form mc4wp-form-1869\" method=\"post\" data-id=\"1869\" data-name=\"Formulario suscripci\u00f3n Escuela &quot;ADI\u00d3S, AMORES PERROS&quot;\" action=\"\" ><div class=\"mc4wp-form-fields\"><p>\r\n    <label>Nombre<\/label>\r\n    <input type=\"text\" name=\"FNAME\" required=\"required\">\r\n\r\n    <label>E-mail<\/label>\r\n    <input type=\"email\" name=\"EMAIL\" required=\"required\">\r\n\t<br><br>\r\n<\/p>\r\n\r\n\r\n<p>\r\n\tIdioma para las comunicaciones (language):<br>\r\n    <label>\r\n        <input name=\"MC_LANGUAGE\" type=\"radio\" value=\"ca_ES\" required> <span>Catal\u00e0<\/span>\r\n    <\/label>\r\n    &nbsp; &nbsp; &nbsp; \r\n    <label>\r\n        <input name=\"MC_LANGUAGE\" type=\"radio\" value=\"es_ES\" required> <span>Castellano<\/span>\r\n    <\/label>\r\n<\/p>\r\n \r\n\r\n  <p>\r\n   <label>\r\n        <input name=\"AGREE_TO_TERMS\" type=\"checkbox\" value=\"1\" required=\"\"> He le\u00eddo y acepto <a href=\"https:\/\/adiosamoresperros.org\/ca\/politica-privacidad\/\" target=\"_blank\">los t\u00e9rminos y condiciones<\/a>\r\n    <\/label>\r\n  <p>\r\n <p> \r\n  <input type=\"submit\" value=\"Quiero suscribirme\">\r\n<\/p>\r\n<\/div><label style=\"display: none !important;\">Leave this field empty if you're human: <input type=\"text\" name=\"_mc4wp_honeypot\" value=\"\" tabindex=\"-1\" autocomplete=\"off\" \/><\/label><input type=\"hidden\" name=\"_mc4wp_timestamp\" value=\"1777389409\" \/><input type=\"hidden\" name=\"_mc4wp_form_id\" value=\"1869\" \/><input type=\"hidden\" name=\"_mc4wp_form_element_id\" value=\"mc4wp-form-1\" \/><div class=\"mc4wp-response\"><\/div><input type=\"hidden\" name=\"trp-form-language\" value=\"ca\"\/><\/form><!-- \/ Mailchimp for WordPress Plugin -->\n\n\n\n<div style=\"height:100px\" aria-hidden=\"true\" class=\"wp-block-spacer\"><\/div>\n\n\n\n<p><strong>Consentimiento legal<\/strong>: De conformidad con el Reglamento (UE) 2016\/679 de 27 de abril de 2016 (GDPR), tus datos personales ser\u00e1n tratados bajo responsabilidad de la ESCUELA ADI\u00d3S, AMORES PERROS para enviarte nuestro bolet\u00edn e informarte sobre nuestras actividades y proyectos. Mediante esta suscripci\u00f3n nos das el consentimiento de recibir y usar tus datos para los fines anteriormente expuestos. Se conservar\u00e1n mientras haya un inter\u00e9s mutuo y los datos no ser\u00e1n comunicados a terceras personas, salvo obligaci\u00f3n legal. Puedes ejercer los derechos de acceso, rectificaci\u00f3n, oposici\u00f3n y supresi\u00f3n de sus datos en todo momento enviando un mensaje al correo electr\u00f3nico a hola@adiosamoresperros.org. Si consideras que el tratamiento no se ajusta a la normativa vigente, podr\u00e1s presentar una reclamaci\u00f3n ante el autoridad de control en&nbsp;<a href=\"http:\/\/www.agpd.es\/\">www.agpd.es<\/a><\/p>\n\n\n\n<p><\/p>\n\n\n\n<div style=\"height:100px\" aria-hidden=\"true\" class=\"wp-block-spacer\"><\/div>","protected":false},"excerpt":{"rendered":"<p>Rellena por favor los siguientes campos para recibir nuestras novedades, recursos gratuitos y descuentos. Amores sanos, disfrutones, igualitarios. Hay otros amores posibles. Tambi\u00e9n para ti. Consentimiento legal: De conformidad con el Reglamento (UE) 2016\/679 de 27 de abril de 2016 (GDPR), tus datos personales ser\u00e1n tratados bajo responsabilidad de la ESCUELA ADI\u00d3S, AMORES PERROS para enviarte nuestro bolet\u00edn e informarte [&hellip;]<\/p>","protected":false},"author":1,"featured_media":403,"parent":0,"menu_order":0,"comment_status":"closed","ping_status":"closed","template":"page-fullwidth.php","meta":{"_coblocks_attr":"","_coblocks_dimensions":"","_coblocks_responsive_height":"","_coblocks_accordion_ie_support":"","_uag_custom_page_level_css":""},"featured_image_src":"https:\/\/adiosamoresperros.org\/wp-content\/uploads\/2019\/02\/cabecera4-1.jpg","featured_image_src_square":"https:\/\/adiosamoresperros.org\/wp-content\/uploads\/2019\/02\/cabecera4-1.jpg","uagb_featured_image_src":{"full":["https:\/\/adiosamoresperros.org\/wp-content\/uploads\/2019\/02\/cabecera4-1.jpg",1800,822,false],"thumbnail":["https:\/\/adiosamoresperros.org\/wp-content\/uploads\/2019\/02\/cabecera4-1-150x150.jpg",150,150,true],"medium":["https:\/\/adiosamoresperros.org\/wp-content\/uploads\/2019\/02\/cabecera4-1-300x137.jpg",300,137,true],"medium_large":["https:\/\/adiosamoresperros.org\/wp-content\/uploads\/2019\/02\/cabecera4-1-768x351.jpg",640,293,true],"large":["https:\/\/adiosamoresperros.org\/wp-content\/uploads\/2019\/02\/cabecera4-1-1024x468.jpg",640,293,true],"1536x1536":["https:\/\/adiosamoresperros.org\/wp-content\/uploads\/2019\/02\/cabecera4-1.jpg",1536,701,false],"2048x2048":["https:\/\/adiosamoresperros.org\/wp-content\/uploads\/2019\/02\/cabecera4-1.jpg",1800,822,false],"trp-custom-language-flag":["https:\/\/adiosamoresperros.org\/wp-content\/uploads\/2019\/02\/cabecera4-1.jpg",18,8,false],"ab-block-post-grid-landscape":["https:\/\/adiosamoresperros.org\/wp-content\/uploads\/2019\/02\/cabecera4-1.jpg",600,274,false],"ab-block-post-grid-square":["https:\/\/adiosamoresperros.org\/wp-content\/uploads\/2019\/02\/cabecera4-1.jpg",600,274,false],"sensible-wp-home-blog":["https:\/\/adiosamoresperros.org\/wp-content\/uploads\/2019\/02\/cabecera4-1-400x250.jpg",400,250,true],"woocommerce_thumbnail":["https:\/\/adiosamoresperros.org\/wp-content\/uploads\/2019\/02\/cabecera4-1-300x300.jpg",300,300,true],"woocommerce_single":["https:\/\/adiosamoresperros.org\/wp-content\/uploads\/2019\/02\/cabecera4-1-600x274.jpg",600,274,true],"woocommerce_gallery_thumbnail":["https:\/\/adiosamoresperros.org\/wp-content\/uploads\/2019\/02\/cabecera4-1-100x100.jpg",100,100,true]},"uagb_author_info":{"display_name":"adiosamoresperro","author_link":"https:\/\/adiosamoresperros.org\/ca\/author\/adiosamoresperro\/"},"uagb_comment_info":0,"uagb_excerpt":"Rellena por favor los siguientes campos para recibir nuestras novedades, recursos gratuitos y descuentos. Amores sanos, disfrutones, igualitarios. Hay otros amores posibles. Tambi\u00e9n para ti. Consentimiento legal: De conformidad con el Reglamento (UE) 2016\/679 de 27 de abril de 2016 (GDPR), tus datos personales ser\u00e1n tratados bajo responsabilidad de la ESCUELA ADI\u00d3S, AMORES PERROS para&hellip;","_links":{"self":[{"href":"https:\/\/adiosamoresperros.org\/ca\/wp-json\/wp\/v2\/pages\/1885"}],"collection":[{"href":"https:\/\/adiosamoresperros.org\/ca\/wp-json\/wp\/v2\/pages"}],"about":[{"href":"https:\/\/adiosamoresperros.org\/ca\/wp-json\/wp\/v2\/types\/page"}],"author":[{"embeddable":true,"href":"https:\/\/adiosamoresperros.org\/ca\/wp-json\/wp\/v2\/users\/1"}],"replies":[{"embeddable":true,"href":"https:\/\/adiosamoresperros.org\/ca\/wp-json\/wp\/v2\/comments?post=1885"}],"version-history":[{"count":16,"href":"https:\/\/adiosamoresperros.org\/ca\/wp-json\/wp\/v2\/pages\/1885\/revisions"}],"predecessor-version":[{"id":2326,"href":"https:\/\/adiosamoresperros.org\/ca\/wp-json\/wp\/v2\/pages\/1885\/revisions\/2326"}],"wp:featuredmedia":[{"embeddable":true,"href":"https:\/\/adiosamoresperros.org\/ca\/wp-json\/wp\/v2\/media\/403"}],"wp:attachment":[{"href":"https:\/\/adiosamoresperros.org\/ca\/wp-json\/wp\/v2\/media?parent=1885"}],"curies":[{"name":"wp","href":"https:\/\/api.w.org\/{rel}","templated":true}]}}