{"id":141,"date":"2019-02-01T13:07:14","date_gmt":"2019-02-01T13:07:14","guid":{"rendered":"http:\/\/adiosamoresperros.org\/?page_id=141"},"modified":"2021-11-09T16:59:33","modified_gmt":"2021-11-09T16:59:33","slug":"nosotras","status":"publish","type":"page","link":"https:\/\/adiosamoresperros.org\/ca\/nosotras\/","title":{"rendered":"Nosotras: \u00bfte apetece conocernos?"},"content":{"rendered":"<div style=\"height:50px\" aria-hidden=\"true\" class=\"wp-block-spacer\"><\/div>\n\n\n<h2 style=\"text-align: center;\">\u00a1Hola! Somos Laura y Bea<\/h2>\n\n\n<div style=\"height:20px\" aria-hidden=\"true\" class=\"wp-block-spacer\"><\/div>\n\n\n<h5 style=\"text-align: center;\">Somos c<em>oaches<\/em> feministas, compa\u00f1eras de camino y comadres de esta Escuela. Contamos con unos a\u00f1itos a las espaldas tejiendo en manada otras l\u00f3gicas amorosas m\u00e1s sanas, diversas, liberadoras y disfrutonas. \u00a1Qu\u00e9 regalo dedicarnos a esto!<\/h5>\n\n\n<div style=\"height:50px\" aria-hidden=\"true\" class=\"wp-block-spacer\"><\/div>\n\n\n<div class=\"su-row\"><div class=\"su-column su-column-size-1-2\"><div class=\"su-column-inner su-u-clearfix su-u-trim\">\n<h3 style=\"text-align: center;\"><img decoding=\"async\" loading=\"lazy\" class=\"alignnone wp-image-825 size-medium\" src=\"https:\/\/adiosamoresperros.org\/wp-content\/uploads\/2019\/05\/Laura-Poch_-Escuela-adios-amores-perros-300x300.jpg\" alt=\"Laura-Poch_-Escuela-adios-amores-perros\" width=\"300\" height=\"300\" srcset=\"https:\/\/adiosamoresperros.org\/wp-content\/uploads\/2019\/05\/Laura-Poch_-Escuela-adios-amores-perros-300x300.jpg 300w, https:\/\/adiosamoresperros.org\/wp-content\/uploads\/2019\/05\/Laura-Poch_-Escuela-adios-amores-perros-100x100.jpg 100w, https:\/\/adiosamoresperros.org\/wp-content\/uploads\/2019\/05\/Laura-Poch_-Escuela-adios-amores-perros-600x600.jpg 600w, https:\/\/adiosamoresperros.org\/wp-content\/uploads\/2019\/05\/Laura-Poch_-Escuela-adios-amores-perros-150x150.jpg 150w, https:\/\/adiosamoresperros.org\/wp-content\/uploads\/2019\/05\/Laura-Poch_-Escuela-adios-amores-perros-768x768.jpg 768w, https:\/\/adiosamoresperros.org\/wp-content\/uploads\/2019\/05\/Laura-Poch_-Escuela-adios-amores-perros.jpg 1000w\" sizes=\"(max-width: 300px) 100vw, 300px\" \/><\/h3>\n<h4 style=\"text-align: center;\"><strong>LAURA POCH RIQUER<\/strong><\/h4>\n<p style=\"text-align: center;\"><strong><a href=\"https:\/\/www.enrutat.org\/\" target=\"_blank\" rel=\"noopener noreferrer\">www.enrutat.org<\/a><\/strong><\/p>\n<p><strong><em>Coach<\/em> y facilitadora feminista, especializada en placeres, sexualidades y relaciones.<\/strong><\/p>\n<p>Soy cofundadora y miembro de <a href=\"https:\/\/www.enrutat.org\/\">Enruta\u2019t<\/a>, entidad que nos dedicamos desde hace m\u00e1s de 10 a\u00f1os a generar espacios, individuales y grupales, para el empoderamiento y la transformaci\u00f3n personal y social.\u00a0\u00a0<\/p>\n<p>Me apasiona acompa\u00f1ar grupos, por c\u00f3mo en estos nos podemos ver, sentir y reconocer. A la vez, me interesan los espacios m\u00e1s personales e \u00edntimos, donde poder abordar de manera m\u00e1s personal los conflictos, preocupaciones y malestares que hay. Con esto, hace m\u00e1s de 10 a\u00f1os, he ido combinando el trabajo individual y grupal. Y en los \u00faltimos a\u00f1os tambi\u00e9n de pareja y familiar.<\/p>\n<p>De mi formaci\u00f3n destaco el M\u00e1ster en Coaching y Liderazgo Personal (Universidad de Barcelona), el postgrado en Educaci\u00f3n Sexual (Sexpol-Madrid), los 5 a\u00f1os estudiando Psicolog\u00eda Orientada a Procesos (Instituto de Trabajo de Procesos) y la Terapia Sist\u00e9mica (Escuela de Terapia Familiar de Sant Pau).<\/p>\n<p>En este momento vital, estoy aprendiendo a bajar el ritmo y, cada cuanto puedo,\u00a0hago rutas en la naturaleza y disfruto de pintar en acuarela.<\/p>\n<\/div><\/div>\n<div class=\"su-column su-column-size-1-2\"><div class=\"su-column-inner su-u-clearfix su-u-trim\">\n<h3 style=\"text-align: center;\"><img decoding=\"async\" loading=\"lazy\" class=\"alignnone wp-image-823 size-medium\" src=\"https:\/\/adiosamoresperros.org\/wp-content\/uploads\/2019\/05\/Bea-Villanueva_Escuela-adios-amores-perros-300x300.jpg\" alt=\"Bea-Villanueva_Escuela-adios-amores-perros\" width=\"300\" height=\"300\" srcset=\"https:\/\/adiosamoresperros.org\/wp-content\/uploads\/2019\/05\/Bea-Villanueva_Escuela-adios-amores-perros-300x300.jpg 300w, https:\/\/adiosamoresperros.org\/wp-content\/uploads\/2019\/05\/Bea-Villanueva_Escuela-adios-amores-perros-100x100.jpg 100w, https:\/\/adiosamoresperros.org\/wp-content\/uploads\/2019\/05\/Bea-Villanueva_Escuela-adios-amores-perros-600x600.jpg 600w, https:\/\/adiosamoresperros.org\/wp-content\/uploads\/2019\/05\/Bea-Villanueva_Escuela-adios-amores-perros-150x150.jpg 150w, https:\/\/adiosamoresperros.org\/wp-content\/uploads\/2019\/05\/Bea-Villanueva_Escuela-adios-amores-perros-768x768.jpg 768w, https:\/\/adiosamoresperros.org\/wp-content\/uploads\/2019\/05\/Bea-Villanueva_Escuela-adios-amores-perros.jpg 1000w\" sizes=\"(max-width: 300px) 100vw, 300px\" \/><\/h3>\n<h4 style=\"text-align: center;\"><strong>BEATRIZ VILLANUEVA MART\u00cdN<\/strong><\/h4>\n<p style=\"text-align: center;\"><a href=\"http:\/\/www.igotlife.es\"><strong>www.igotlife.es<\/strong><\/a><\/p>\n<p><strong><em>Coach<\/em> feminista, formadora y comunicadora especializada en g\u00e9nero, empoderamiento y cuidados en organizaciones del 3er Sector.<\/strong><\/p>\n<p>M\u00e1ster en Desarrollo y Cooperaci\u00f3n internacional por HEGOA (Universidad del Pa\u00eds Vasco). M\u00e1ster Mujeres, G\u00e9nero y Ciudadan\u00eda de la Universidad de Barcelona.<\/p>\n<p>Fundadora de <a href=\"http:\/\/www.igotlife.es\">I Got\u00a0Life!, proyecto de Coaching, G\u00e9nero y Comunicaci\u00f3n<\/a>. Acompa\u00f1o procesos personales y grupales de cambio, desde una perspectiva feminista e interseccional. Facilitadora de equipos, formadora en organizaciones sociales y empresas en temas como liderazgo transformador, comunicaci\u00f3n feminista o cuidados.<\/p>\n<p>He pasado gran parte de mi vida laboral trabajando en organizaciones sociales y de cooperaci\u00f3n internacional, a un lado y otro del mundo.<\/p>\n<p>Amo viajar, curiosear y descubrir. Abrazar. Y perderme yo sola y sin tiempo por bibliotecas, mercados, exposiciones o ciudades que no conozco.<\/p>\n<p>Actualmente en el viaje loco y transformador de la maternidad.<\/p>\n<\/div><\/div><\/div>\n\n\n<div style=\"height:70px\" aria-hidden=\"true\" class=\"wp-block-spacer\"><\/div>\n\n\n\n<h3 class=\"has-text-align-center has-text-color wp-block-heading\" style=\"color:#864e86\">\u201cTrabajamos desde la honestidad,&nbsp;desde el cuerpo,&nbsp;desde las creencias,&nbsp; desde la teor\u00eda y la experiencia,&nbsp;desde la piel,&nbsp;desde nuestras historias de vida,&nbsp; desde la practicidad del coaching&nbsp;y las sabidur\u00edas de los feminismos\u201d<\/h3>\n\n\n\n<p class=\"has-text-align-center\"><strong>Laura Poch y Beatriz Villanueva<\/strong><\/p>\n\n\n\n<div style=\"height:50px\" aria-hidden=\"true\" class=\"wp-block-spacer\"><\/div>\n\n\n\n<p><\/p>","protected":false},"excerpt":{"rendered":"<p>\u00a1Hola! Somos Laura y Bea Somos coaches feministas, compa\u00f1eras de camino y comadres de esta Escuela. Contamos con unos a\u00f1itos a las espaldas tejiendo en manada otras l\u00f3gicas amorosas m\u00e1s sanas, diversas, liberadoras y disfrutonas. \u00a1Qu\u00e9 regalo dedicarnos a esto! \u201cTrabajamos desde la honestidad,&nbsp;desde el cuerpo,&nbsp;desde las creencias,&nbsp; desde la teor\u00eda y la experiencia,&nbsp;desde la piel,&nbsp;desde nuestras historias de vida,&nbsp; [&hellip;]<\/p>","protected":false},"author":1,"featured_media":396,"parent":0,"menu_order":0,"comment_status":"closed","ping_status":"closed","template":"page-fullwidth.php","meta":{"_coblocks_attr":"","_coblocks_dimensions":"","_coblocks_responsive_height":"","_coblocks_accordion_ie_support":"","_uag_custom_page_level_css":""},"featured_image_src":"https:\/\/adiosamoresperros.org\/wp-content\/uploads\/2019\/02\/cabecera3.jpg","featured_image_src_square":"https:\/\/adiosamoresperros.org\/wp-content\/uploads\/2019\/02\/cabecera3.jpg","uagb_featured_image_src":{"full":["https:\/\/adiosamoresperros.org\/wp-content\/uploads\/2019\/02\/cabecera3.jpg",1800,822,false],"thumbnail":["https:\/\/adiosamoresperros.org\/wp-content\/uploads\/2019\/02\/cabecera3-150x150.jpg",150,150,true],"medium":["https:\/\/adiosamoresperros.org\/wp-content\/uploads\/2019\/02\/cabecera3-300x137.jpg",300,137,true],"medium_large":["https:\/\/adiosamoresperros.org\/wp-content\/uploads\/2019\/02\/cabecera3-768x351.jpg",640,293,true],"large":["https:\/\/adiosamoresperros.org\/wp-content\/uploads\/2019\/02\/cabecera3-1024x468.jpg",640,293,true],"1536x1536":["https:\/\/adiosamoresperros.org\/wp-content\/uploads\/2019\/02\/cabecera3.jpg",1536,701,false],"2048x2048":["https:\/\/adiosamoresperros.org\/wp-content\/uploads\/2019\/02\/cabecera3.jpg",1800,822,false],"trp-custom-language-flag":["https:\/\/adiosamoresperros.org\/wp-content\/uploads\/2019\/02\/cabecera3.jpg",18,8,false],"ab-block-post-grid-landscape":["https:\/\/adiosamoresperros.org\/wp-content\/uploads\/2019\/02\/cabecera3.jpg",600,274,false],"ab-block-post-grid-square":["https:\/\/adiosamoresperros.org\/wp-content\/uploads\/2019\/02\/cabecera3.jpg",600,274,false],"sensible-wp-home-blog":["https:\/\/adiosamoresperros.org\/wp-content\/uploads\/2019\/02\/cabecera3-400x250.jpg",400,250,true],"woocommerce_thumbnail":["https:\/\/adiosamoresperros.org\/wp-content\/uploads\/2019\/02\/cabecera3-300x300.jpg",300,300,true],"woocommerce_single":["https:\/\/adiosamoresperros.org\/wp-content\/uploads\/2019\/02\/cabecera3-600x274.jpg",600,274,true],"woocommerce_gallery_thumbnail":["https:\/\/adiosamoresperros.org\/wp-content\/uploads\/2019\/02\/cabecera3-100x100.jpg",100,100,true]},"uagb_author_info":{"display_name":"adiosamoresperro","author_link":"https:\/\/adiosamoresperros.org\/ca\/author\/adiosamoresperro\/"},"uagb_comment_info":0,"uagb_excerpt":"\u00a1Hola! Somos Laura y Bea Somos coaches feministas, compa\u00f1eras de camino y comadres de esta Escuela. Contamos con unos a\u00f1itos a las espaldas tejiendo en manada otras l\u00f3gicas amorosas m\u00e1s sanas, diversas, liberadoras y disfrutonas. \u00a1Qu\u00e9 regalo dedicarnos a esto! \u201cTrabajamos desde la honestidad,&nbsp;desde el cuerpo,&nbsp;desde las creencias,&nbsp; desde la teor\u00eda y la experiencia,&nbsp;desde la&hellip;","_links":{"self":[{"href":"https:\/\/adiosamoresperros.org\/ca\/wp-json\/wp\/v2\/pages\/141"}],"collection":[{"href":"https:\/\/adiosamoresperros.org\/ca\/wp-json\/wp\/v2\/pages"}],"about":[{"href":"https:\/\/adiosamoresperros.org\/ca\/wp-json\/wp\/v2\/types\/page"}],"author":[{"embeddable":true,"href":"https:\/\/adiosamoresperros.org\/ca\/wp-json\/wp\/v2\/users\/1"}],"replies":[{"embeddable":true,"href":"https:\/\/adiosamoresperros.org\/ca\/wp-json\/wp\/v2\/comments?post=141"}],"version-history":[{"count":75,"href":"https:\/\/adiosamoresperros.org\/ca\/wp-json\/wp\/v2\/pages\/141\/revisions"}],"predecessor-version":[{"id":2216,"href":"https:\/\/adiosamoresperros.org\/ca\/wp-json\/wp\/v2\/pages\/141\/revisions\/2216"}],"wp:featuredmedia":[{"embeddable":true,"href":"https:\/\/adiosamoresperros.org\/ca\/wp-json\/wp\/v2\/media\/396"}],"wp:attachment":[{"href":"https:\/\/adiosamoresperros.org\/ca\/wp-json\/wp\/v2\/media?parent=141"}],"curies":[{"name":"wp","href":"https:\/\/api.w.org\/{rel}","templated":true}]}}